{"id":17790,"date":"2026-03-26T09:33:40","date_gmt":"2026-03-26T07:33:40","guid":{"rendered":"https:\/\/www.neoedizioni.it\/neo\/?post_type=product&#038;p=17790"},"modified":"2026-04-02T09:36:00","modified_gmt":"2026-04-02T07:36:00","slug":"il-cielo-e-nero-la-terra-blu","status":"publish","type":"product","link":"https:\/\/www.neoedizioni.it\/neo\/prodotto\/il-cielo-e-nero-la-terra-blu\/","title":{"rendered":"Il cielo \u00e8 nero la terra blu"},"content":{"rendered":"","protected":false},"excerpt":{"rendered":"<p><strong>Rossella Sorbara<\/strong><\/p>\n<p><strong>Romanzo secondo classificato al \u201cPremio Nazionale di Narrativa\u201d Neo Edizioni \u2013 2025<\/strong><\/p>\n<p>Un esordio illuminato e travolgente.<br \/>\nUna storia che parla di ostinazione, di libert\u00e0, e di quanto sia immensa e spaventosa la vita, soprattutto se sei un\u2019adolescente costretta in un paese che ti opprime e vivi un rapporto tormentato con tua madre.<br \/>\n<span><a onclick=\"read_toggle(1454081190, 'Leggi di pi\u00f9', 'Leggi di meno'); return false;\" class=\"read-link\" id=\"readlink1454081190\" style=\"readlink\" href=\"#\">Leggi di pi\u00f9<\/a><\/span>\n<div class=\"read_div\" id=\"read1454081190\" style=\"display: none;\"><\/p>\n<p>Se devi piangere \u2012 ed \u00e8 una cosa che pu\u00f2 capitare a tutti, anche a una come Nico \u2012 allora meglio farlo nei cessi, che l\u00ec non ti vede nessuno.<br \/>\nE se c&#8217;\u00e8 una cosa che fa piangere Nico \u00e8 quella l\u00ec, la donna con cui vive e che dice di essere sua madre. Ma qualcosa non torna, perch\u00e9 quella l\u00ec prima le voleva bene e dopo, all&#8217;improvviso, ha iniziato a trattarla male.<br \/>\nQuando poi in paese arriva il circo, con loro c&#8217;\u00e8 una donna. Nico non ha dubbi, \u00e8 lei la sua vera madre, l&#8217;hanno rapita e sostituita, e ora vuole scappare con lei, conoscere la verit\u00e0. La verit\u00e0 sui suoi tredici anni, sui suoi amici, sul posto in cui vive.<\/p>\n<p>Certo, c&#8217;\u00e8 Cosimo, il suo migliore amico, per lui si taglierebbe un braccio, e c\u2019\u00e8 Angelina, la sorella di Cosimo, che studia filosofia nella grande Torino e canta Leonard Cohen e i Velvet Underground, ma come convincerli che la donna tra le roulotte del circo \u00e8 la sua vera madre?<\/p>\n<div class=\"collana\"><img decoding=\"async\" style=\"height: 40px;\" src=\"https:\/\/www.neoedizioni.it\/neo\/wp-content\/uploads\/2020\/06\/Logo_Collana_DRY.png\" \/>COLLANA <strong>DRY<\/strong><\/div>\n<h6>Pagine: 176<br \/>\nFormato: 14 x 20<br \/>\nCopertina flessibile<br \/>\nPrima edizione: aprile 2026<br \/>\nISBN: 979-12-80857-45-3<\/h6>\n<p><\/div><\/p>\n","protected":false},"featured_media":17788,"comment_status":"closed","ping_status":"closed","template":"","meta":[],"product_cat":[2011,2130,2005],"product_tag":[],"yoast_head":"<!-- This site is optimized with the Yoast SEO plugin v19.10 - https:\/\/yoast.com\/wordpress\/plugins\/seo\/ -->\n<title>Il cielo \u00e8 nero la terra blu - NEO. Edizioni<\/title>\n<meta name=\"robots\" content=\"index, follow, max-snippet:-1, max-image-preview:large, max-video-preview:-1\" \/>\n<link rel=\"canonical\" href=\"https:\/\/www.neoedizioni.it\/neo\/prodotto\/il-cielo-e-nero-la-terra-blu\/\" \/>\n<meta property=\"og:locale\" content=\"it_IT\" \/>\n<meta property=\"og:type\" content=\"article\" \/>\n<meta property=\"og:title\" content=\"Il cielo \u00e8 nero la terra blu - NEO. Edizioni\" \/>\n<meta property=\"og:description\" content=\"Rossella Sorbara  Romanzo secondo classificato al \u201cPremio Nazionale di Narrativa\u201d Neo Edizioni \u2013 2025  Un esordio illuminato e travolgente. Una storia che parla di ostinazione, di libert\u00e0, e di quanto sia immensa e spaventosa la vita, soprattutto se sei un\u2019adolescente costretta in un paese che ti opprime e vivi un rapporto tormentato con tua madre.\" \/>\n<meta property=\"og:url\" content=\"https:\/\/www.neoedizioni.it\/neo\/prodotto\/il-cielo-e-nero-la-terra-blu\/\" \/>\n<meta property=\"og:site_name\" content=\"NEO. Edizioni\" \/>\n<meta property=\"article:publisher\" content=\"https:\/\/www.facebook.com\/Neo-Edizioni-1018045348210923\/\" \/>\n<meta property=\"article:modified_time\" content=\"2026-04-02T07:36:00+00:00\" \/>\n<meta property=\"og:image\" content=\"https:\/\/www.neoedizioni.it\/neo\/wp-content\/uploads\/2026\/03\/Il-cielo-e-nero-la-terra-blu-Rossella-Sorbara-Neo-Edizioni.jpg\" \/>\n\t<meta property=\"og:image:width\" content=\"661\" \/>\n\t<meta property=\"og:image:height\" content=\"992\" \/>\n\t<meta property=\"og:image:type\" content=\"image\/jpeg\" \/>\n<meta name=\"twitter:card\" content=\"summary_large_image\" \/>\n<meta name=\"twitter:site\" content=\"@neoedizioni\" \/>\n<script type=\"application\/ld+json\" class=\"yoast-schema-graph\">{\"@context\":\"https:\/\/schema.org\",\"@graph\":[{\"@type\":\"WebPage\",\"@id\":\"https:\/\/www.neoedizioni.it\/neo\/prodotto\/il-cielo-e-nero-la-terra-blu\/\",\"url\":\"https:\/\/www.neoedizioni.it\/neo\/prodotto\/il-cielo-e-nero-la-terra-blu\/\",\"name\":\"Il cielo \u00e8 nero la terra blu - NEO. Edizioni\",\"isPartOf\":{\"@id\":\"https:\/\/www.neoedizioni.it\/neo\/#website\"},\"datePublished\":\"2026-03-26T07:33:40+00:00\",\"dateModified\":\"2026-04-02T07:36:00+00:00\",\"breadcrumb\":{\"@id\":\"https:\/\/www.neoedizioni.it\/neo\/prodotto\/il-cielo-e-nero-la-terra-blu\/#breadcrumb\"},\"inLanguage\":\"it-IT\",\"potentialAction\":[{\"@type\":\"ReadAction\",\"target\":[\"https:\/\/www.neoedizioni.it\/neo\/prodotto\/il-cielo-e-nero-la-terra-blu\/\"]}]},{\"@type\":\"BreadcrumbList\",\"@id\":\"https:\/\/www.neoedizioni.it\/neo\/prodotto\/il-cielo-e-nero-la-terra-blu\/#breadcrumb\",\"itemListElement\":[{\"@type\":\"ListItem\",\"position\":1,\"name\":\"Home\",\"item\":\"https:\/\/www.neoedizioni.it\/neo\/\"},{\"@type\":\"ListItem\",\"position\":2,\"name\":\"Libri\",\"item\":\"https:\/\/www.neoedizioni.it\/neo\/libri\/\"},{\"@type\":\"ListItem\",\"position\":3,\"name\":\"Il cielo \u00e8 nero la terra blu\"}]},{\"@type\":\"WebSite\",\"@id\":\"https:\/\/www.neoedizioni.it\/neo\/#website\",\"url\":\"https:\/\/www.neoedizioni.it\/neo\/\",\"name\":\"NEO. Edizioni\",\"description\":\"PER LETTORI PIONIERI\",\"publisher\":{\"@id\":\"https:\/\/www.neoedizioni.it\/neo\/#organization\"},\"potentialAction\":[{\"@type\":\"SearchAction\",\"target\":{\"@type\":\"EntryPoint\",\"urlTemplate\":\"https:\/\/www.neoedizioni.it\/neo\/?s={search_term_string}\"},\"query-input\":\"required name=search_term_string\"}],\"inLanguage\":\"it-IT\"},{\"@type\":\"Organization\",\"@id\":\"https:\/\/www.neoedizioni.it\/neo\/#organization\",\"name\":\"Neo Edizioni\",\"url\":\"https:\/\/www.neoedizioni.it\/neo\/\",\"logo\":{\"@type\":\"ImageObject\",\"inLanguage\":\"it-IT\",\"@id\":\"https:\/\/www.neoedizioni.it\/neo\/#\/schema\/logo\/image\/\",\"url\":\"https:\/\/www.neoedizioni.it\/neo\/wp-content\/uploads\/2020\/06\/Logo-Neo-Edizioni-Nero_small-1.png\",\"contentUrl\":\"https:\/\/www.neoedizioni.it\/neo\/wp-content\/uploads\/2020\/06\/Logo-Neo-Edizioni-Nero_small-1.png\",\"width\":107,\"height\":50,\"caption\":\"Neo Edizioni\"},\"image\":{\"@id\":\"https:\/\/www.neoedizioni.it\/neo\/#\/schema\/logo\/image\/\"},\"sameAs\":[\"https:\/\/www.instagram.com\/neoedizioni\/\",\"https:\/\/www.pinterest.co.uk\/search\/pins\/?q=neoedizioni&amp;amp;amp;amp;amp;rs=filter\",\"https:\/\/www.facebook.com\/Neo-Edizioni-1018045348210923\/\",\"https:\/\/twitter.com\/neoedizioni\"]}]}<\/script>\n<!-- \/ Yoast SEO plugin. -->","yoast_head_json":{"title":"Il cielo \u00e8 nero la terra blu - NEO. Edizioni","robots":{"index":"index","follow":"follow","max-snippet":"max-snippet:-1","max-image-preview":"max-image-preview:large","max-video-preview":"max-video-preview:-1"},"canonical":"https:\/\/www.neoedizioni.it\/neo\/prodotto\/il-cielo-e-nero-la-terra-blu\/","og_locale":"it_IT","og_type":"article","og_title":"Il cielo \u00e8 nero la terra blu - NEO. Edizioni","og_description":"Rossella Sorbara  Romanzo secondo classificato al \u201cPremio Nazionale di Narrativa\u201d Neo Edizioni \u2013 2025  Un esordio illuminato e travolgente. Una storia che parla di ostinazione, di libert\u00e0, e di quanto sia immensa e spaventosa la vita, soprattutto se sei un\u2019adolescente costretta in un paese che ti opprime e vivi un rapporto tormentato con tua madre.","og_url":"https:\/\/www.neoedizioni.it\/neo\/prodotto\/il-cielo-e-nero-la-terra-blu\/","og_site_name":"NEO. Edizioni","article_publisher":"https:\/\/www.facebook.com\/Neo-Edizioni-1018045348210923\/","article_modified_time":"2026-04-02T07:36:00+00:00","og_image":[{"width":661,"height":992,"url":"https:\/\/www.neoedizioni.it\/neo\/wp-content\/uploads\/2026\/03\/Il-cielo-e-nero-la-terra-blu-Rossella-Sorbara-Neo-Edizioni.jpg","type":"image\/jpeg"}],"twitter_card":"summary_large_image","twitter_site":"@neoedizioni","schema":{"@context":"https:\/\/schema.org","@graph":[{"@type":"WebPage","@id":"https:\/\/www.neoedizioni.it\/neo\/prodotto\/il-cielo-e-nero-la-terra-blu\/","url":"https:\/\/www.neoedizioni.it\/neo\/prodotto\/il-cielo-e-nero-la-terra-blu\/","name":"Il cielo \u00e8 nero la terra blu - NEO. Edizioni","isPartOf":{"@id":"https:\/\/www.neoedizioni.it\/neo\/#website"},"datePublished":"2026-03-26T07:33:40+00:00","dateModified":"2026-04-02T07:36:00+00:00","breadcrumb":{"@id":"https:\/\/www.neoedizioni.it\/neo\/prodotto\/il-cielo-e-nero-la-terra-blu\/#breadcrumb"},"inLanguage":"it-IT","potentialAction":[{"@type":"ReadAction","target":["https:\/\/www.neoedizioni.it\/neo\/prodotto\/il-cielo-e-nero-la-terra-blu\/"]}]},{"@type":"BreadcrumbList","@id":"https:\/\/www.neoedizioni.it\/neo\/prodotto\/il-cielo-e-nero-la-terra-blu\/#breadcrumb","itemListElement":[{"@type":"ListItem","position":1,"name":"Home","item":"https:\/\/www.neoedizioni.it\/neo\/"},{"@type":"ListItem","position":2,"name":"Libri","item":"https:\/\/www.neoedizioni.it\/neo\/libri\/"},{"@type":"ListItem","position":3,"name":"Il cielo \u00e8 nero la terra blu"}]},{"@type":"WebSite","@id":"https:\/\/www.neoedizioni.it\/neo\/#website","url":"https:\/\/www.neoedizioni.it\/neo\/","name":"NEO. Edizioni","description":"PER LETTORI PIONIERI","publisher":{"@id":"https:\/\/www.neoedizioni.it\/neo\/#organization"},"potentialAction":[{"@type":"SearchAction","target":{"@type":"EntryPoint","urlTemplate":"https:\/\/www.neoedizioni.it\/neo\/?s={search_term_string}"},"query-input":"required name=search_term_string"}],"inLanguage":"it-IT"},{"@type":"Organization","@id":"https:\/\/www.neoedizioni.it\/neo\/#organization","name":"Neo Edizioni","url":"https:\/\/www.neoedizioni.it\/neo\/","logo":{"@type":"ImageObject","inLanguage":"it-IT","@id":"https:\/\/www.neoedizioni.it\/neo\/#\/schema\/logo\/image\/","url":"https:\/\/www.neoedizioni.it\/neo\/wp-content\/uploads\/2020\/06\/Logo-Neo-Edizioni-Nero_small-1.png","contentUrl":"https:\/\/www.neoedizioni.it\/neo\/wp-content\/uploads\/2020\/06\/Logo-Neo-Edizioni-Nero_small-1.png","width":107,"height":50,"caption":"Neo Edizioni"},"image":{"@id":"https:\/\/www.neoedizioni.it\/neo\/#\/schema\/logo\/image\/"},"sameAs":["https:\/\/www.instagram.com\/neoedizioni\/","https:\/\/www.pinterest.co.uk\/search\/pins\/?q=neoedizioni&amp;amp;amp;amp;amp;rs=filter","https:\/\/www.facebook.com\/Neo-Edizioni-1018045348210923\/","https:\/\/twitter.com\/neoedizioni"]}]}},"_links":{"self":[{"href":"https:\/\/www.neoedizioni.it\/neo\/wp-json\/wp\/v2\/product\/17790"}],"collection":[{"href":"https:\/\/www.neoedizioni.it\/neo\/wp-json\/wp\/v2\/product"}],"about":[{"href":"https:\/\/www.neoedizioni.it\/neo\/wp-json\/wp\/v2\/types\/product"}],"replies":[{"embeddable":true,"href":"https:\/\/www.neoedizioni.it\/neo\/wp-json\/wp\/v2\/comments?post=17790"}],"wp:featuredmedia":[{"embeddable":true,"href":"https:\/\/www.neoedizioni.it\/neo\/wp-json\/wp\/v2\/media\/17788"}],"wp:attachment":[{"href":"https:\/\/www.neoedizioni.it\/neo\/wp-json\/wp\/v2\/media?parent=17790"}],"wp:term":[{"taxonomy":"product_cat","embeddable":true,"href":"https:\/\/www.neoedizioni.it\/neo\/wp-json\/wp\/v2\/product_cat?post=17790"},{"taxonomy":"product_tag","embeddable":true,"href":"https:\/\/www.neoedizioni.it\/neo\/wp-json\/wp\/v2\/product_tag?post=17790"}],"curies":[{"name":"wp","href":"https:\/\/api.w.org\/{rel}","templated":true}]}}