{"id":16035,"date":"2024-02-28T11:08:34","date_gmt":"2024-02-28T09:08:34","guid":{"rendered":"https:\/\/www.neoedizioni.it\/neo\/?post_type=product&#038;p=16035"},"modified":"2025-11-19T11:09:13","modified_gmt":"2025-11-19T09:09:13","slug":"romanzo-di-crinale","status":"publish","type":"product","link":"https:\/\/www.neoedizioni.it\/neo\/prodotto\/romanzo-di-crinale\/","title":{"rendered":"Romanzo di crinale"},"content":{"rendered":"","protected":false},"excerpt":{"rendered":"<p><strong>Silvano Scaruffi<\/strong><\/p>\n<p align=\"JUSTIFY\"><strong>Un romanzo di crinale, terroso nella lingua e nell\u2019impasto, e l&#8217;oscuro progresso che investe una comunit\u00e0 scalcagnata, che in queste terre ha radici antiche e ci si aggrappa come le rocce alla montagna madre.<\/strong><br \/>\n<span><a onclick=\"read_toggle(1091060754, 'Leggi di pi\u00f9', 'Leggi di meno'); return false;\" class=\"read-link\" id=\"readlink1091060754\" style=\"readlink\" href=\"#\">Leggi di pi\u00f9<\/a><\/span>\n<div class=\"read_div\" id=\"read1091060754\" style=\"display: none;\"><\/p>\n<p>Strambi figuri abitano un piccolo paese dell&#8217;Appennino pi\u00f9 remoto. C&#8217;\u00e8 Bunga che va in giro con un verme dentro un vaso di vetro dicendo che quello \u00e8 il capostipite della famiglia, e guai a chi lo tocca, c&#8217;\u00e8 Brasco che tiene il bar, e Romma e Burasca che del bar sono frequentatori assidui. Poi c&#8217;\u00e8 la Viola che ha sposato Ginasio e la Flora dei Verduga che osserva sempre Ginasio dormire sotto un ciliegio mentre sogna il futuro.<br \/>\nIntanto \u00e8 arrivata la SIO, la societ\u00e0 che sta costruendo il Parko, i terreni vengono espropriati e dalle profondit\u00e0 arrivano misteriose scosse. E c&#8217;\u00e8 Bestio, che sottoterra ci abita, e vede.<\/p>\n<p>Il gergo dei personaggi e una scrittura crepitante che gli va dietro, in un racconto di paese che diventa una storia di riscatto dall\u2019epica balzana, a tratti feroce.<\/p>\n<p><img decoding=\"async\" style=\"height: 40px;\" src=\"https:\/\/www.neoedizioni.it\/neo\/wp-content\/uploads\/2020\/06\/Logo_collana_Iena.png\" \/>collana <strong>IENA<\/strong><\/p>\n<h6>Pagine: 144<br \/>\nFormato: 14 x 20<br \/>\nCopertina flessibile<br \/>\nPrima edizione: febbraio 2024<br \/>\nISBN: 979-12-80857-22-4<\/h6>\n<p><\/div><\/p>\n","protected":false},"featured_media":16038,"comment_status":"closed","ping_status":"closed","template":"","meta":[],"product_cat":[2097,2007],"product_tag":[],"yoast_head":"<!-- This site is optimized with the Yoast SEO plugin v19.10 - https:\/\/yoast.com\/wordpress\/plugins\/seo\/ -->\n<title>Romanzo di crinale - NEO. Edizioni<\/title>\n<meta name=\"robots\" content=\"index, follow, max-snippet:-1, max-image-preview:large, max-video-preview:-1\" \/>\n<link rel=\"canonical\" href=\"https:\/\/www.neoedizioni.it\/neo\/prodotto\/romanzo-di-crinale\/\" \/>\n<meta property=\"og:locale\" content=\"it_IT\" \/>\n<meta property=\"og:type\" content=\"article\" \/>\n<meta property=\"og:title\" content=\"Romanzo di crinale - NEO. Edizioni\" \/>\n<meta property=\"og:description\" content=\"Silvano Scaruffi Un romanzo di crinale, terroso nella lingua e nell\u2019impasto, e l&#039;oscuro progresso che investe una comunit\u00e0 scalcagnata, che in queste terre ha radici antiche e ci si aggrappa come le rocce alla montagna madre.\" \/>\n<meta property=\"og:url\" content=\"https:\/\/www.neoedizioni.it\/neo\/prodotto\/romanzo-di-crinale\/\" \/>\n<meta property=\"og:site_name\" content=\"NEO. Edizioni\" \/>\n<meta property=\"article:publisher\" content=\"https:\/\/www.facebook.com\/Neo-Edizioni-1018045348210923\/\" \/>\n<meta property=\"article:modified_time\" content=\"2025-11-19T09:09:13+00:00\" \/>\n<meta property=\"og:image\" content=\"https:\/\/www.neoedizioni.it\/neo\/wp-content\/uploads\/2024\/02\/Romanzo-di-crinale-Silvano-Scaruffi-Neo-Edizioni.jpg\" \/>\n\t<meta property=\"og:image:width\" content=\"661\" \/>\n\t<meta property=\"og:image:height\" content=\"992\" \/>\n\t<meta property=\"og:image:type\" content=\"image\/jpeg\" \/>\n<meta name=\"twitter:card\" content=\"summary_large_image\" \/>\n<meta name=\"twitter:site\" content=\"@neoedizioni\" \/>\n<script type=\"application\/ld+json\" class=\"yoast-schema-graph\">{\"@context\":\"https:\/\/schema.org\",\"@graph\":[{\"@type\":\"WebPage\",\"@id\":\"https:\/\/www.neoedizioni.it\/neo\/prodotto\/romanzo-di-crinale\/\",\"url\":\"https:\/\/www.neoedizioni.it\/neo\/prodotto\/romanzo-di-crinale\/\",\"name\":\"Romanzo di crinale - NEO. Edizioni\",\"isPartOf\":{\"@id\":\"https:\/\/www.neoedizioni.it\/neo\/#website\"},\"datePublished\":\"2024-02-28T09:08:34+00:00\",\"dateModified\":\"2025-11-19T09:09:13+00:00\",\"breadcrumb\":{\"@id\":\"https:\/\/www.neoedizioni.it\/neo\/prodotto\/romanzo-di-crinale\/#breadcrumb\"},\"inLanguage\":\"it-IT\",\"potentialAction\":[{\"@type\":\"ReadAction\",\"target\":[\"https:\/\/www.neoedizioni.it\/neo\/prodotto\/romanzo-di-crinale\/\"]}]},{\"@type\":\"BreadcrumbList\",\"@id\":\"https:\/\/www.neoedizioni.it\/neo\/prodotto\/romanzo-di-crinale\/#breadcrumb\",\"itemListElement\":[{\"@type\":\"ListItem\",\"position\":1,\"name\":\"Home\",\"item\":\"https:\/\/www.neoedizioni.it\/neo\/\"},{\"@type\":\"ListItem\",\"position\":2,\"name\":\"Libri\",\"item\":\"https:\/\/www.neoedizioni.it\/neo\/libri\/\"},{\"@type\":\"ListItem\",\"position\":3,\"name\":\"Romanzo di crinale\"}]},{\"@type\":\"WebSite\",\"@id\":\"https:\/\/www.neoedizioni.it\/neo\/#website\",\"url\":\"https:\/\/www.neoedizioni.it\/neo\/\",\"name\":\"NEO. Edizioni\",\"description\":\"PER LETTORI PIONIERI\",\"publisher\":{\"@id\":\"https:\/\/www.neoedizioni.it\/neo\/#organization\"},\"potentialAction\":[{\"@type\":\"SearchAction\",\"target\":{\"@type\":\"EntryPoint\",\"urlTemplate\":\"https:\/\/www.neoedizioni.it\/neo\/?s={search_term_string}\"},\"query-input\":\"required name=search_term_string\"}],\"inLanguage\":\"it-IT\"},{\"@type\":\"Organization\",\"@id\":\"https:\/\/www.neoedizioni.it\/neo\/#organization\",\"name\":\"Neo Edizioni\",\"url\":\"https:\/\/www.neoedizioni.it\/neo\/\",\"logo\":{\"@type\":\"ImageObject\",\"inLanguage\":\"it-IT\",\"@id\":\"https:\/\/www.neoedizioni.it\/neo\/#\/schema\/logo\/image\/\",\"url\":\"https:\/\/www.neoedizioni.it\/neo\/wp-content\/uploads\/2020\/06\/Logo-Neo-Edizioni-Nero_small-1.png\",\"contentUrl\":\"https:\/\/www.neoedizioni.it\/neo\/wp-content\/uploads\/2020\/06\/Logo-Neo-Edizioni-Nero_small-1.png\",\"width\":107,\"height\":50,\"caption\":\"Neo Edizioni\"},\"image\":{\"@id\":\"https:\/\/www.neoedizioni.it\/neo\/#\/schema\/logo\/image\/\"},\"sameAs\":[\"https:\/\/www.instagram.com\/neoedizioni\/\",\"https:\/\/www.pinterest.co.uk\/search\/pins\/?q=neoedizioni&amp;amp;amp;amp;amp;rs=filter\",\"https:\/\/www.facebook.com\/Neo-Edizioni-1018045348210923\/\",\"https:\/\/twitter.com\/neoedizioni\"]}]}<\/script>\n<!-- \/ Yoast SEO plugin. -->","yoast_head_json":{"title":"Romanzo di crinale - NEO. Edizioni","robots":{"index":"index","follow":"follow","max-snippet":"max-snippet:-1","max-image-preview":"max-image-preview:large","max-video-preview":"max-video-preview:-1"},"canonical":"https:\/\/www.neoedizioni.it\/neo\/prodotto\/romanzo-di-crinale\/","og_locale":"it_IT","og_type":"article","og_title":"Romanzo di crinale - NEO. Edizioni","og_description":"Silvano Scaruffi Un romanzo di crinale, terroso nella lingua e nell\u2019impasto, e l'oscuro progresso che investe una comunit\u00e0 scalcagnata, che in queste terre ha radici antiche e ci si aggrappa come le rocce alla montagna madre.","og_url":"https:\/\/www.neoedizioni.it\/neo\/prodotto\/romanzo-di-crinale\/","og_site_name":"NEO. Edizioni","article_publisher":"https:\/\/www.facebook.com\/Neo-Edizioni-1018045348210923\/","article_modified_time":"2025-11-19T09:09:13+00:00","og_image":[{"width":661,"height":992,"url":"https:\/\/www.neoedizioni.it\/neo\/wp-content\/uploads\/2024\/02\/Romanzo-di-crinale-Silvano-Scaruffi-Neo-Edizioni.jpg","type":"image\/jpeg"}],"twitter_card":"summary_large_image","twitter_site":"@neoedizioni","schema":{"@context":"https:\/\/schema.org","@graph":[{"@type":"WebPage","@id":"https:\/\/www.neoedizioni.it\/neo\/prodotto\/romanzo-di-crinale\/","url":"https:\/\/www.neoedizioni.it\/neo\/prodotto\/romanzo-di-crinale\/","name":"Romanzo di crinale - NEO. Edizioni","isPartOf":{"@id":"https:\/\/www.neoedizioni.it\/neo\/#website"},"datePublished":"2024-02-28T09:08:34+00:00","dateModified":"2025-11-19T09:09:13+00:00","breadcrumb":{"@id":"https:\/\/www.neoedizioni.it\/neo\/prodotto\/romanzo-di-crinale\/#breadcrumb"},"inLanguage":"it-IT","potentialAction":[{"@type":"ReadAction","target":["https:\/\/www.neoedizioni.it\/neo\/prodotto\/romanzo-di-crinale\/"]}]},{"@type":"BreadcrumbList","@id":"https:\/\/www.neoedizioni.it\/neo\/prodotto\/romanzo-di-crinale\/#breadcrumb","itemListElement":[{"@type":"ListItem","position":1,"name":"Home","item":"https:\/\/www.neoedizioni.it\/neo\/"},{"@type":"ListItem","position":2,"name":"Libri","item":"https:\/\/www.neoedizioni.it\/neo\/libri\/"},{"@type":"ListItem","position":3,"name":"Romanzo di crinale"}]},{"@type":"WebSite","@id":"https:\/\/www.neoedizioni.it\/neo\/#website","url":"https:\/\/www.neoedizioni.it\/neo\/","name":"NEO. Edizioni","description":"PER LETTORI PIONIERI","publisher":{"@id":"https:\/\/www.neoedizioni.it\/neo\/#organization"},"potentialAction":[{"@type":"SearchAction","target":{"@type":"EntryPoint","urlTemplate":"https:\/\/www.neoedizioni.it\/neo\/?s={search_term_string}"},"query-input":"required name=search_term_string"}],"inLanguage":"it-IT"},{"@type":"Organization","@id":"https:\/\/www.neoedizioni.it\/neo\/#organization","name":"Neo Edizioni","url":"https:\/\/www.neoedizioni.it\/neo\/","logo":{"@type":"ImageObject","inLanguage":"it-IT","@id":"https:\/\/www.neoedizioni.it\/neo\/#\/schema\/logo\/image\/","url":"https:\/\/www.neoedizioni.it\/neo\/wp-content\/uploads\/2020\/06\/Logo-Neo-Edizioni-Nero_small-1.png","contentUrl":"https:\/\/www.neoedizioni.it\/neo\/wp-content\/uploads\/2020\/06\/Logo-Neo-Edizioni-Nero_small-1.png","width":107,"height":50,"caption":"Neo Edizioni"},"image":{"@id":"https:\/\/www.neoedizioni.it\/neo\/#\/schema\/logo\/image\/"},"sameAs":["https:\/\/www.instagram.com\/neoedizioni\/","https:\/\/www.pinterest.co.uk\/search\/pins\/?q=neoedizioni&amp;amp;amp;amp;amp;rs=filter","https:\/\/www.facebook.com\/Neo-Edizioni-1018045348210923\/","https:\/\/twitter.com\/neoedizioni"]}]}},"_links":{"self":[{"href":"https:\/\/www.neoedizioni.it\/neo\/wp-json\/wp\/v2\/product\/16035"}],"collection":[{"href":"https:\/\/www.neoedizioni.it\/neo\/wp-json\/wp\/v2\/product"}],"about":[{"href":"https:\/\/www.neoedizioni.it\/neo\/wp-json\/wp\/v2\/types\/product"}],"replies":[{"embeddable":true,"href":"https:\/\/www.neoedizioni.it\/neo\/wp-json\/wp\/v2\/comments?post=16035"}],"wp:featuredmedia":[{"embeddable":true,"href":"https:\/\/www.neoedizioni.it\/neo\/wp-json\/wp\/v2\/media\/16038"}],"wp:attachment":[{"href":"https:\/\/www.neoedizioni.it\/neo\/wp-json\/wp\/v2\/media?parent=16035"}],"wp:term":[{"taxonomy":"product_cat","embeddable":true,"href":"https:\/\/www.neoedizioni.it\/neo\/wp-json\/wp\/v2\/product_cat?post=16035"},{"taxonomy":"product_tag","embeddable":true,"href":"https:\/\/www.neoedizioni.it\/neo\/wp-json\/wp\/v2\/product_tag?post=16035"}],"curies":[{"name":"wp","href":"https:\/\/api.w.org\/{rel}","templated":true}]}}