{"id":14807,"date":"2022-04-28T10:34:19","date_gmt":"2022-04-28T08:34:19","guid":{"rendered":"https:\/\/www.neoedizioni.it\/neo\/?post_type=product&#038;p=14807"},"modified":"2025-11-19T11:15:38","modified_gmt":"2025-11-19T09:15:38","slug":"larcheologia-dellamore","status":"publish","type":"product","link":"https:\/\/www.neoedizioni.it\/neo\/prodotto\/larcheologia-dellamore\/","title":{"rendered":"L&#8217;archeologia dell&#8217;amore"},"content":{"rendered":"","protected":false},"excerpt":{"rendered":"<p><strong>C\u0103t\u0103lin Pavel<br \/>\n<\/strong><strong><em>Traduzione di Bruno Mazzoni<br \/>\nPrefazione di Gigi Spina<\/em><\/strong><\/p>\n<p>&#8220;La passeggiata archeologica proposta nel volume tiene col fiato sospeso il lettore [&#8230;] Un tocco magistrale.&#8221; (dalla prefazione di Gigi Spina)<\/p>\n<p>Bestseller in Romania,\u00a0<em>L\u2019archeologia dell\u2019amore<\/em>\u00a0indaga codici genetici, iscrizioni, mitologie, minuscoli resti e grandi monumenti per raccontare, poeticamente e scientificamente, come l\u2019essere umano ha amato nel tempo e nello spazio.<br \/>\n<span><a onclick=\"read_toggle(890705070, 'Leggi di pi\u00f9', 'Leggi di meno'); return false;\" class=\"read-link\" id=\"readlink890705070\" style=\"readlink\" href=\"#\">Leggi di pi\u00f9<\/a><\/span>\n<div class=\"read_div\" id=\"read890705070\" style=\"display: none;\"><\/p>\n<p>Archeologo, studioso dell\u2019antichit\u00e0 e divulgatore scientifico romeno, C\u0103t\u0103lin Pavel racconta l\u2019amore, le relazioni e gli affetti a partire dalle tracce che si sono lasciati alle spalle: dai resti archeologici della preistoria (un ipotetico incontro tra <em>sapiens<\/em> e <em>neanderthal<\/em>) fino ai reperti di inizio \u2018900. Usa l\u2019amore per portarci nell\u2019indagine tipica dell\u2019archeologia, alternando all\u2019approccio scientifico riflessioni personali. La scrittura raffinata che accompagna il metodo induttivo-deduttivo proprio di ogni scienza \u00e8 una boccata d&#8217;aria fresca per la mente del lettore. Un libro di grande eleganza, acume e, soprattutto, ironia.<\/p>\n<p>Le parole dell\u2019autore: \u201cCi\u00f2 che potremmo fare \u00e8 ricostruire i nostri sentimenti partendo dai resti del passato. Nella preistoria, dove mancano fonti scritte, l\u2019archeologia \u00e8 l\u2019unico modo \u2013 buono o cattivo che sia \u2013 per capire cosa accade ad una coppia. In quale altro modo possiamo scoprire quanto ci sia vicino un anonimo abbraccio dell\u2019Et\u00e0 del Ferro? I casi di studio proposti mostrano che anche gli oggetti \u2013 e le ossa \u2013 per quanto frammentari, dicono qualcosa che i testi sull\u2019amore non potranno mai dire. Dalle tombe di Adamo ed Eva a quelle dei soldati della Prima guerra mondiale, dal papiro orfico di Mangalia alle iscrizioni in un lupanare pompeiano, il lettore \u00e8 invitato a partecipare a un insolito esperimento tra le dinamiche storiografiche dell\u2019amore\u201d.<\/p>\n<p><img decoding=\"async\" loading=\"lazy\" class=\"size-full wp-image-12327 alignnone\" src=\"https:\/\/www.neoedizioni.it\/neo\/wp-content\/uploads\/2020\/06\/Logo-_Collana_Potlach.png\" alt=\"\" width=\"60\" height=\"60\" srcset=\"https:\/\/www.neoedizioni.it\/neo\/wp-content\/uploads\/2020\/06\/Logo-_Collana_Potlach.png 60w, https:\/\/www.neoedizioni.it\/neo\/wp-content\/uploads\/2020\/06\/Logo-_Collana_Potlach-50x50.png 50w\" sizes=\"(max-width: 60px) 100vw, 60px\" \/>collana <strong>POTLACH<\/strong><\/p>\n<h6>Pagine: 320<br \/>\nFormato: 14 x 20<br \/>\nCopertina flessibile<br \/>\nPrima edizione: aprile 2022<br \/>\nISBN: 979-12-80857-01-9<\/h6>\n<p><\/div><\/p>\n","protected":false},"featured_media":14809,"comment_status":"closed","ping_status":"closed","template":"","meta":[],"product_cat":[2067,2009],"product_tag":[],"yoast_head":"<!-- This site is optimized with the Yoast SEO plugin v19.10 - https:\/\/yoast.com\/wordpress\/plugins\/seo\/ -->\n<title>L&#039;archeologia dell&#039;amore - NEO. Edizioni<\/title>\n<meta name=\"robots\" content=\"index, follow, max-snippet:-1, max-image-preview:large, max-video-preview:-1\" \/>\n<link rel=\"canonical\" href=\"https:\/\/www.neoedizioni.it\/neo\/prodotto\/larcheologia-dellamore\/\" \/>\n<meta property=\"og:locale\" content=\"it_IT\" \/>\n<meta property=\"og:type\" content=\"article\" \/>\n<meta property=\"og:title\" content=\"L&#039;archeologia dell&#039;amore - NEO. Edizioni\" \/>\n<meta property=\"og:description\" content=\"C\u0103t\u0103lin Pavel Traduzione di Bruno Mazzoni Prefazione di Gigi Spina  &quot;La passeggiata archeologica proposta nel volume tiene col fiato sospeso il lettore [...] Un tocco magistrale.&quot; (dalla prefazione di Gigi Spina)  Bestseller in Romania,\u00a0L\u2019archeologia dell\u2019amore\u00a0indaga codici genetici, iscrizioni, mitologie, minuscoli resti e grandi monumenti per raccontare, poeticamente e scientificamente, come l\u2019essere umano ha amato nel tempo e nello spazio.\" \/>\n<meta property=\"og:url\" content=\"https:\/\/www.neoedizioni.it\/neo\/prodotto\/larcheologia-dellamore\/\" \/>\n<meta property=\"og:site_name\" content=\"NEO. Edizioni\" \/>\n<meta property=\"article:publisher\" content=\"https:\/\/www.facebook.com\/Neo-Edizioni-1018045348210923\/\" \/>\n<meta property=\"article:modified_time\" content=\"2025-11-19T09:15:38+00:00\" \/>\n<meta property=\"og:image\" content=\"https:\/\/www.neoedizioni.it\/neo\/wp-content\/uploads\/2022\/04\/L_archeologia-de_amore-Catalin-Pavel.jpg\" \/>\n\t<meta property=\"og:image:width\" content=\"661\" \/>\n\t<meta property=\"og:image:height\" content=\"992\" \/>\n\t<meta property=\"og:image:type\" content=\"image\/jpeg\" \/>\n<meta name=\"twitter:card\" content=\"summary_large_image\" \/>\n<meta name=\"twitter:site\" content=\"@neoedizioni\" \/>\n<script type=\"application\/ld+json\" class=\"yoast-schema-graph\">{\"@context\":\"https:\/\/schema.org\",\"@graph\":[{\"@type\":\"WebPage\",\"@id\":\"https:\/\/www.neoedizioni.it\/neo\/prodotto\/larcheologia-dellamore\/\",\"url\":\"https:\/\/www.neoedizioni.it\/neo\/prodotto\/larcheologia-dellamore\/\",\"name\":\"L'archeologia dell'amore - NEO. Edizioni\",\"isPartOf\":{\"@id\":\"https:\/\/www.neoedizioni.it\/neo\/#website\"},\"datePublished\":\"2022-04-28T08:34:19+00:00\",\"dateModified\":\"2025-11-19T09:15:38+00:00\",\"breadcrumb\":{\"@id\":\"https:\/\/www.neoedizioni.it\/neo\/prodotto\/larcheologia-dellamore\/#breadcrumb\"},\"inLanguage\":\"it-IT\",\"potentialAction\":[{\"@type\":\"ReadAction\",\"target\":[\"https:\/\/www.neoedizioni.it\/neo\/prodotto\/larcheologia-dellamore\/\"]}]},{\"@type\":\"BreadcrumbList\",\"@id\":\"https:\/\/www.neoedizioni.it\/neo\/prodotto\/larcheologia-dellamore\/#breadcrumb\",\"itemListElement\":[{\"@type\":\"ListItem\",\"position\":1,\"name\":\"Home\",\"item\":\"https:\/\/www.neoedizioni.it\/neo\/\"},{\"@type\":\"ListItem\",\"position\":2,\"name\":\"Libri\",\"item\":\"https:\/\/www.neoedizioni.it\/neo\/libri\/\"},{\"@type\":\"ListItem\",\"position\":3,\"name\":\"L&#8217;archeologia dell&#8217;amore\"}]},{\"@type\":\"WebSite\",\"@id\":\"https:\/\/www.neoedizioni.it\/neo\/#website\",\"url\":\"https:\/\/www.neoedizioni.it\/neo\/\",\"name\":\"NEO. Edizioni\",\"description\":\"PER LETTORI PIONIERI\",\"publisher\":{\"@id\":\"https:\/\/www.neoedizioni.it\/neo\/#organization\"},\"potentialAction\":[{\"@type\":\"SearchAction\",\"target\":{\"@type\":\"EntryPoint\",\"urlTemplate\":\"https:\/\/www.neoedizioni.it\/neo\/?s={search_term_string}\"},\"query-input\":\"required name=search_term_string\"}],\"inLanguage\":\"it-IT\"},{\"@type\":\"Organization\",\"@id\":\"https:\/\/www.neoedizioni.it\/neo\/#organization\",\"name\":\"Neo Edizioni\",\"url\":\"https:\/\/www.neoedizioni.it\/neo\/\",\"logo\":{\"@type\":\"ImageObject\",\"inLanguage\":\"it-IT\",\"@id\":\"https:\/\/www.neoedizioni.it\/neo\/#\/schema\/logo\/image\/\",\"url\":\"https:\/\/www.neoedizioni.it\/neo\/wp-content\/uploads\/2020\/06\/Logo-Neo-Edizioni-Nero_small-1.png\",\"contentUrl\":\"https:\/\/www.neoedizioni.it\/neo\/wp-content\/uploads\/2020\/06\/Logo-Neo-Edizioni-Nero_small-1.png\",\"width\":107,\"height\":50,\"caption\":\"Neo Edizioni\"},\"image\":{\"@id\":\"https:\/\/www.neoedizioni.it\/neo\/#\/schema\/logo\/image\/\"},\"sameAs\":[\"https:\/\/www.instagram.com\/neoedizioni\/\",\"https:\/\/www.pinterest.co.uk\/search\/pins\/?q=neoedizioni&amp;amp;amp;amp;amp;rs=filter\",\"https:\/\/www.facebook.com\/Neo-Edizioni-1018045348210923\/\",\"https:\/\/twitter.com\/neoedizioni\"]}]}<\/script>\n<!-- \/ Yoast SEO plugin. -->","yoast_head_json":{"title":"L'archeologia dell'amore - NEO. Edizioni","robots":{"index":"index","follow":"follow","max-snippet":"max-snippet:-1","max-image-preview":"max-image-preview:large","max-video-preview":"max-video-preview:-1"},"canonical":"https:\/\/www.neoedizioni.it\/neo\/prodotto\/larcheologia-dellamore\/","og_locale":"it_IT","og_type":"article","og_title":"L'archeologia dell'amore - NEO. Edizioni","og_description":"C\u0103t\u0103lin Pavel Traduzione di Bruno Mazzoni Prefazione di Gigi Spina  \"La passeggiata archeologica proposta nel volume tiene col fiato sospeso il lettore [...] Un tocco magistrale.\" (dalla prefazione di Gigi Spina)  Bestseller in Romania,\u00a0L\u2019archeologia dell\u2019amore\u00a0indaga codici genetici, iscrizioni, mitologie, minuscoli resti e grandi monumenti per raccontare, poeticamente e scientificamente, come l\u2019essere umano ha amato nel tempo e nello spazio.","og_url":"https:\/\/www.neoedizioni.it\/neo\/prodotto\/larcheologia-dellamore\/","og_site_name":"NEO. Edizioni","article_publisher":"https:\/\/www.facebook.com\/Neo-Edizioni-1018045348210923\/","article_modified_time":"2025-11-19T09:15:38+00:00","og_image":[{"width":661,"height":992,"url":"https:\/\/www.neoedizioni.it\/neo\/wp-content\/uploads\/2022\/04\/L_archeologia-de_amore-Catalin-Pavel.jpg","type":"image\/jpeg"}],"twitter_card":"summary_large_image","twitter_site":"@neoedizioni","schema":{"@context":"https:\/\/schema.org","@graph":[{"@type":"WebPage","@id":"https:\/\/www.neoedizioni.it\/neo\/prodotto\/larcheologia-dellamore\/","url":"https:\/\/www.neoedizioni.it\/neo\/prodotto\/larcheologia-dellamore\/","name":"L'archeologia dell'amore - NEO. Edizioni","isPartOf":{"@id":"https:\/\/www.neoedizioni.it\/neo\/#website"},"datePublished":"2022-04-28T08:34:19+00:00","dateModified":"2025-11-19T09:15:38+00:00","breadcrumb":{"@id":"https:\/\/www.neoedizioni.it\/neo\/prodotto\/larcheologia-dellamore\/#breadcrumb"},"inLanguage":"it-IT","potentialAction":[{"@type":"ReadAction","target":["https:\/\/www.neoedizioni.it\/neo\/prodotto\/larcheologia-dellamore\/"]}]},{"@type":"BreadcrumbList","@id":"https:\/\/www.neoedizioni.it\/neo\/prodotto\/larcheologia-dellamore\/#breadcrumb","itemListElement":[{"@type":"ListItem","position":1,"name":"Home","item":"https:\/\/www.neoedizioni.it\/neo\/"},{"@type":"ListItem","position":2,"name":"Libri","item":"https:\/\/www.neoedizioni.it\/neo\/libri\/"},{"@type":"ListItem","position":3,"name":"L&#8217;archeologia dell&#8217;amore"}]},{"@type":"WebSite","@id":"https:\/\/www.neoedizioni.it\/neo\/#website","url":"https:\/\/www.neoedizioni.it\/neo\/","name":"NEO. Edizioni","description":"PER LETTORI PIONIERI","publisher":{"@id":"https:\/\/www.neoedizioni.it\/neo\/#organization"},"potentialAction":[{"@type":"SearchAction","target":{"@type":"EntryPoint","urlTemplate":"https:\/\/www.neoedizioni.it\/neo\/?s={search_term_string}"},"query-input":"required name=search_term_string"}],"inLanguage":"it-IT"},{"@type":"Organization","@id":"https:\/\/www.neoedizioni.it\/neo\/#organization","name":"Neo Edizioni","url":"https:\/\/www.neoedizioni.it\/neo\/","logo":{"@type":"ImageObject","inLanguage":"it-IT","@id":"https:\/\/www.neoedizioni.it\/neo\/#\/schema\/logo\/image\/","url":"https:\/\/www.neoedizioni.it\/neo\/wp-content\/uploads\/2020\/06\/Logo-Neo-Edizioni-Nero_small-1.png","contentUrl":"https:\/\/www.neoedizioni.it\/neo\/wp-content\/uploads\/2020\/06\/Logo-Neo-Edizioni-Nero_small-1.png","width":107,"height":50,"caption":"Neo Edizioni"},"image":{"@id":"https:\/\/www.neoedizioni.it\/neo\/#\/schema\/logo\/image\/"},"sameAs":["https:\/\/www.instagram.com\/neoedizioni\/","https:\/\/www.pinterest.co.uk\/search\/pins\/?q=neoedizioni&amp;amp;amp;amp;amp;rs=filter","https:\/\/www.facebook.com\/Neo-Edizioni-1018045348210923\/","https:\/\/twitter.com\/neoedizioni"]}]}},"_links":{"self":[{"href":"https:\/\/www.neoedizioni.it\/neo\/wp-json\/wp\/v2\/product\/14807"}],"collection":[{"href":"https:\/\/www.neoedizioni.it\/neo\/wp-json\/wp\/v2\/product"}],"about":[{"href":"https:\/\/www.neoedizioni.it\/neo\/wp-json\/wp\/v2\/types\/product"}],"replies":[{"embeddable":true,"href":"https:\/\/www.neoedizioni.it\/neo\/wp-json\/wp\/v2\/comments?post=14807"}],"wp:featuredmedia":[{"embeddable":true,"href":"https:\/\/www.neoedizioni.it\/neo\/wp-json\/wp\/v2\/media\/14809"}],"wp:attachment":[{"href":"https:\/\/www.neoedizioni.it\/neo\/wp-json\/wp\/v2\/media?parent=14807"}],"wp:term":[{"taxonomy":"product_cat","embeddable":true,"href":"https:\/\/www.neoedizioni.it\/neo\/wp-json\/wp\/v2\/product_cat?post=14807"},{"taxonomy":"product_tag","embeddable":true,"href":"https:\/\/www.neoedizioni.it\/neo\/wp-json\/wp\/v2\/product_tag?post=14807"}],"curies":[{"name":"wp","href":"https:\/\/api.w.org\/{rel}","templated":true}]}}