{"id":14738,"date":"2022-04-08T17:14:03","date_gmt":"2022-04-08T15:14:03","guid":{"rendered":"https:\/\/www.neoedizioni.it\/neo\/?post_type=product&#038;p=14738"},"modified":"2025-11-19T11:17:43","modified_gmt":"2025-11-19T09:17:43","slug":"la-grande-crociata","status":"publish","type":"product","link":"https:\/\/www.neoedizioni.it\/neo\/prodotto\/la-grande-crociata\/","title":{"rendered":"La Grande Crociata"},"content":{"rendered":"","protected":false},"excerpt":{"rendered":"<p><strong>Theo Szczepanski<\/strong><\/p>\n<p>Graphic novel ispirato agli eventi reali o leggendari del 1212, la \u201cCrociata dei fanciulli\u201d. Dal grande impatto visivo, <em>La Grande Crociata<\/em> racconta, attraverso il ritmo proprio del romanzo d&#8217;avventura, di noi, dell\u2019oggi e del nostro rapporto con l&#8217;inganno, l&#8217;illusione, la mistificazione.<\/p>\n<span><a onclick=\"read_toggle(910968897, 'Leggi di pi\u00f9', 'Leggi di meno'); return false;\" class=\"read-link\" id=\"readlink910968897\" style=\"readlink\" href=\"#\">Leggi di pi\u00f9<\/a><\/span>\n<div class=\"read_div\" id=\"read910968897\" style=\"display: none;\"><\/p>\n<p>Anno del Signore 1212.<br \/>\n\u00c8 passato un secolo da quando la Prima Crociata si \u00e8 conclusa, ma quel lembo di Terra Santa &#8211; stretto tra il mar Mediterraneo e il fiume Giordano &#8211; \u00e8 ancora scenario di sanguinosi conflitti. In questo tumultuoso contesto, il dodicenne Stefano &#8211; pastore di umili origini &#8211; riceve \u201cla chiamata\u201d. Un Dio fiammeggiante e iracondo gli impone di radunare un esercito di bambini e guidarli nell\u2019impresa di liberare il Santo Sepolcro. \u00c8 la \u201cCrociata dei fanciulli\u201d, avventurosa spedizione sospesa tra cronaca e leggenda.<br \/>\nIn mezzo a stenti, efferate battaglie, agguati, demoni e resurrezioni, Stefano &#8211; costantemente in bilico tra ragione e fede &#8211; conduce la sua armata di straccioni verso una meta che sembra irraggiungibile. Oltre il mare, alla fine del viaggio, li aspetta un&#8217;inimmaginabile ricompensa di oro e gloria ma, forse, anche un orrore talmente antico e aberrante da non avere neanche un nome.<\/p>\n<p>Nel 2015, in Brasile, \u00e8 stata pubblicata soltanto la prima parte, oggi questa edizione integra una versione completamente rivista e aggiornata, e presenta ai lettori internazionali, per la prima volta, l\u2019opera nella sua completezza.<\/p>\n<p><a href=\"https:\/\/www.neoedizioni.it\/neo\/wp-content\/uploads\/2021\/02\/Logo-Cromo.jpg\"><img decoding=\"async\" loading=\"lazy\" class=\"size-full wp-image-13985 alignnone\" src=\"https:\/\/www.neoedizioni.it\/neo\/wp-content\/uploads\/2021\/02\/Logo-Cromo.jpg\" alt=\"\" width=\"60\" height=\"60\" data-wp-editing=\"1\" srcset=\"https:\/\/www.neoedizioni.it\/neo\/wp-content\/uploads\/2021\/02\/Logo-Cromo.jpg 60w, https:\/\/www.neoedizioni.it\/neo\/wp-content\/uploads\/2021\/02\/Logo-Cromo-50x50.jpg 50w\" sizes=\"(max-width: 60px) 100vw, 60px\" \/><\/a>COLLANA <strong>CROMO<\/strong><\/p>\n<h6>Pagine: 216<br \/>\nFormato: 17 x 24<br \/>\nCopertina flessibile<br \/>\nPrima edizione: marzo 2022<br \/>\nISBN: 978-88-96176-99-3<\/h6>\n<p><\/div>\n","protected":false},"featured_media":14740,"comment_status":"closed","ping_status":"closed","template":"","meta":[],"product_cat":[2012,2070,2060,2004],"product_tag":[],"yoast_head":"<!-- This site is optimized with the Yoast SEO plugin v19.10 - https:\/\/yoast.com\/wordpress\/plugins\/seo\/ -->\n<title>La Grande Crociata - NEO. Edizioni<\/title>\n<meta name=\"robots\" content=\"index, follow, max-snippet:-1, max-image-preview:large, max-video-preview:-1\" \/>\n<link rel=\"canonical\" href=\"https:\/\/www.neoedizioni.it\/neo\/prodotto\/la-grande-crociata\/\" \/>\n<meta property=\"og:locale\" content=\"it_IT\" \/>\n<meta property=\"og:type\" content=\"article\" \/>\n<meta property=\"og:title\" content=\"La Grande Crociata - NEO. Edizioni\" \/>\n<meta property=\"og:description\" content=\"Theo Szczepanski  Graphic novel ispirato agli eventi reali o leggendari del 1212, la \u201cCrociata dei fanciulli\u201d. Dal grande impatto visivo, La Grande Crociata racconta, attraverso il ritmo proprio del romanzo d&#039;avventura, di noi, dell\u2019oggi e del nostro rapporto con l&#039;inganno, l&#039;illusione, la mistificazione.\" \/>\n<meta property=\"og:url\" content=\"https:\/\/www.neoedizioni.it\/neo\/prodotto\/la-grande-crociata\/\" \/>\n<meta property=\"og:site_name\" content=\"NEO. Edizioni\" \/>\n<meta property=\"article:publisher\" content=\"https:\/\/www.facebook.com\/Neo-Edizioni-1018045348210923\/\" \/>\n<meta property=\"article:modified_time\" content=\"2025-11-19T09:17:43+00:00\" \/>\n<meta property=\"og:image\" content=\"https:\/\/www.neoedizioni.it\/neo\/wp-content\/uploads\/2022\/04\/La-Grande-Crociata.jpg\" \/>\n\t<meta property=\"og:image:width\" content=\"661\" \/>\n\t<meta property=\"og:image:height\" content=\"992\" \/>\n\t<meta property=\"og:image:type\" content=\"image\/jpeg\" \/>\n<meta name=\"twitter:card\" content=\"summary_large_image\" \/>\n<meta name=\"twitter:site\" content=\"@neoedizioni\" \/>\n<script type=\"application\/ld+json\" class=\"yoast-schema-graph\">{\"@context\":\"https:\/\/schema.org\",\"@graph\":[{\"@type\":\"WebPage\",\"@id\":\"https:\/\/www.neoedizioni.it\/neo\/prodotto\/la-grande-crociata\/\",\"url\":\"https:\/\/www.neoedizioni.it\/neo\/prodotto\/la-grande-crociata\/\",\"name\":\"La Grande Crociata - NEO. Edizioni\",\"isPartOf\":{\"@id\":\"https:\/\/www.neoedizioni.it\/neo\/#website\"},\"datePublished\":\"2022-04-08T15:14:03+00:00\",\"dateModified\":\"2025-11-19T09:17:43+00:00\",\"breadcrumb\":{\"@id\":\"https:\/\/www.neoedizioni.it\/neo\/prodotto\/la-grande-crociata\/#breadcrumb\"},\"inLanguage\":\"it-IT\",\"potentialAction\":[{\"@type\":\"ReadAction\",\"target\":[\"https:\/\/www.neoedizioni.it\/neo\/prodotto\/la-grande-crociata\/\"]}]},{\"@type\":\"BreadcrumbList\",\"@id\":\"https:\/\/www.neoedizioni.it\/neo\/prodotto\/la-grande-crociata\/#breadcrumb\",\"itemListElement\":[{\"@type\":\"ListItem\",\"position\":1,\"name\":\"Home\",\"item\":\"https:\/\/www.neoedizioni.it\/neo\/\"},{\"@type\":\"ListItem\",\"position\":2,\"name\":\"Libri\",\"item\":\"https:\/\/www.neoedizioni.it\/neo\/libri\/\"},{\"@type\":\"ListItem\",\"position\":3,\"name\":\"La Grande Crociata\"}]},{\"@type\":\"WebSite\",\"@id\":\"https:\/\/www.neoedizioni.it\/neo\/#website\",\"url\":\"https:\/\/www.neoedizioni.it\/neo\/\",\"name\":\"NEO. Edizioni\",\"description\":\"PER LETTORI PIONIERI\",\"publisher\":{\"@id\":\"https:\/\/www.neoedizioni.it\/neo\/#organization\"},\"potentialAction\":[{\"@type\":\"SearchAction\",\"target\":{\"@type\":\"EntryPoint\",\"urlTemplate\":\"https:\/\/www.neoedizioni.it\/neo\/?s={search_term_string}\"},\"query-input\":\"required name=search_term_string\"}],\"inLanguage\":\"it-IT\"},{\"@type\":\"Organization\",\"@id\":\"https:\/\/www.neoedizioni.it\/neo\/#organization\",\"name\":\"Neo Edizioni\",\"url\":\"https:\/\/www.neoedizioni.it\/neo\/\",\"logo\":{\"@type\":\"ImageObject\",\"inLanguage\":\"it-IT\",\"@id\":\"https:\/\/www.neoedizioni.it\/neo\/#\/schema\/logo\/image\/\",\"url\":\"https:\/\/www.neoedizioni.it\/neo\/wp-content\/uploads\/2020\/06\/Logo-Neo-Edizioni-Nero_small-1.png\",\"contentUrl\":\"https:\/\/www.neoedizioni.it\/neo\/wp-content\/uploads\/2020\/06\/Logo-Neo-Edizioni-Nero_small-1.png\",\"width\":107,\"height\":50,\"caption\":\"Neo Edizioni\"},\"image\":{\"@id\":\"https:\/\/www.neoedizioni.it\/neo\/#\/schema\/logo\/image\/\"},\"sameAs\":[\"https:\/\/www.instagram.com\/neoedizioni\/\",\"https:\/\/www.pinterest.co.uk\/search\/pins\/?q=neoedizioni&amp;amp;amp;amp;amp;rs=filter\",\"https:\/\/www.facebook.com\/Neo-Edizioni-1018045348210923\/\",\"https:\/\/twitter.com\/neoedizioni\"]}]}<\/script>\n<!-- \/ Yoast SEO plugin. -->","yoast_head_json":{"title":"La Grande Crociata - NEO. Edizioni","robots":{"index":"index","follow":"follow","max-snippet":"max-snippet:-1","max-image-preview":"max-image-preview:large","max-video-preview":"max-video-preview:-1"},"canonical":"https:\/\/www.neoedizioni.it\/neo\/prodotto\/la-grande-crociata\/","og_locale":"it_IT","og_type":"article","og_title":"La Grande Crociata - NEO. Edizioni","og_description":"Theo Szczepanski  Graphic novel ispirato agli eventi reali o leggendari del 1212, la \u201cCrociata dei fanciulli\u201d. Dal grande impatto visivo, La Grande Crociata racconta, attraverso il ritmo proprio del romanzo d'avventura, di noi, dell\u2019oggi e del nostro rapporto con l'inganno, l'illusione, la mistificazione.","og_url":"https:\/\/www.neoedizioni.it\/neo\/prodotto\/la-grande-crociata\/","og_site_name":"NEO. Edizioni","article_publisher":"https:\/\/www.facebook.com\/Neo-Edizioni-1018045348210923\/","article_modified_time":"2025-11-19T09:17:43+00:00","og_image":[{"width":661,"height":992,"url":"https:\/\/www.neoedizioni.it\/neo\/wp-content\/uploads\/2022\/04\/La-Grande-Crociata.jpg","type":"image\/jpeg"}],"twitter_card":"summary_large_image","twitter_site":"@neoedizioni","schema":{"@context":"https:\/\/schema.org","@graph":[{"@type":"WebPage","@id":"https:\/\/www.neoedizioni.it\/neo\/prodotto\/la-grande-crociata\/","url":"https:\/\/www.neoedizioni.it\/neo\/prodotto\/la-grande-crociata\/","name":"La Grande Crociata - NEO. Edizioni","isPartOf":{"@id":"https:\/\/www.neoedizioni.it\/neo\/#website"},"datePublished":"2022-04-08T15:14:03+00:00","dateModified":"2025-11-19T09:17:43+00:00","breadcrumb":{"@id":"https:\/\/www.neoedizioni.it\/neo\/prodotto\/la-grande-crociata\/#breadcrumb"},"inLanguage":"it-IT","potentialAction":[{"@type":"ReadAction","target":["https:\/\/www.neoedizioni.it\/neo\/prodotto\/la-grande-crociata\/"]}]},{"@type":"BreadcrumbList","@id":"https:\/\/www.neoedizioni.it\/neo\/prodotto\/la-grande-crociata\/#breadcrumb","itemListElement":[{"@type":"ListItem","position":1,"name":"Home","item":"https:\/\/www.neoedizioni.it\/neo\/"},{"@type":"ListItem","position":2,"name":"Libri","item":"https:\/\/www.neoedizioni.it\/neo\/libri\/"},{"@type":"ListItem","position":3,"name":"La Grande Crociata"}]},{"@type":"WebSite","@id":"https:\/\/www.neoedizioni.it\/neo\/#website","url":"https:\/\/www.neoedizioni.it\/neo\/","name":"NEO. Edizioni","description":"PER LETTORI PIONIERI","publisher":{"@id":"https:\/\/www.neoedizioni.it\/neo\/#organization"},"potentialAction":[{"@type":"SearchAction","target":{"@type":"EntryPoint","urlTemplate":"https:\/\/www.neoedizioni.it\/neo\/?s={search_term_string}"},"query-input":"required name=search_term_string"}],"inLanguage":"it-IT"},{"@type":"Organization","@id":"https:\/\/www.neoedizioni.it\/neo\/#organization","name":"Neo Edizioni","url":"https:\/\/www.neoedizioni.it\/neo\/","logo":{"@type":"ImageObject","inLanguage":"it-IT","@id":"https:\/\/www.neoedizioni.it\/neo\/#\/schema\/logo\/image\/","url":"https:\/\/www.neoedizioni.it\/neo\/wp-content\/uploads\/2020\/06\/Logo-Neo-Edizioni-Nero_small-1.png","contentUrl":"https:\/\/www.neoedizioni.it\/neo\/wp-content\/uploads\/2020\/06\/Logo-Neo-Edizioni-Nero_small-1.png","width":107,"height":50,"caption":"Neo Edizioni"},"image":{"@id":"https:\/\/www.neoedizioni.it\/neo\/#\/schema\/logo\/image\/"},"sameAs":["https:\/\/www.instagram.com\/neoedizioni\/","https:\/\/www.pinterest.co.uk\/search\/pins\/?q=neoedizioni&amp;amp;amp;amp;amp;rs=filter","https:\/\/www.facebook.com\/Neo-Edizioni-1018045348210923\/","https:\/\/twitter.com\/neoedizioni"]}]}},"_links":{"self":[{"href":"https:\/\/www.neoedizioni.it\/neo\/wp-json\/wp\/v2\/product\/14738"}],"collection":[{"href":"https:\/\/www.neoedizioni.it\/neo\/wp-json\/wp\/v2\/product"}],"about":[{"href":"https:\/\/www.neoedizioni.it\/neo\/wp-json\/wp\/v2\/types\/product"}],"replies":[{"embeddable":true,"href":"https:\/\/www.neoedizioni.it\/neo\/wp-json\/wp\/v2\/comments?post=14738"}],"wp:featuredmedia":[{"embeddable":true,"href":"https:\/\/www.neoedizioni.it\/neo\/wp-json\/wp\/v2\/media\/14740"}],"wp:attachment":[{"href":"https:\/\/www.neoedizioni.it\/neo\/wp-json\/wp\/v2\/media?parent=14738"}],"wp:term":[{"taxonomy":"product_cat","embeddable":true,"href":"https:\/\/www.neoedizioni.it\/neo\/wp-json\/wp\/v2\/product_cat?post=14738"},{"taxonomy":"product_tag","embeddable":true,"href":"https:\/\/www.neoedizioni.it\/neo\/wp-json\/wp\/v2\/product_tag?post=14738"}],"curies":[{"name":"wp","href":"https:\/\/api.w.org\/{rel}","templated":true}]}}