{"id":12850,"date":"2020-06-10T09:00:54","date_gmt":"2020-06-10T07:00:54","guid":{"rendered":"http:\/\/www.neoedizioni.it\/nuovosito\/?post_type=product&#038;p=12850"},"modified":"2025-11-19T11:37:30","modified_gmt":"2025-11-19T09:37:30","slug":"la-strada-da-fare-in-cammino-nella-regione-che-non-ce","status":"publish","type":"product","link":"https:\/\/www.neoedizioni.it\/neo\/prodotto\/la-strada-da-fare-in-cammino-nella-regione-che-non-ce\/","title":{"rendered":"La strada da fare &#8211; In cammino nella regione che (non) c&#8217;\u00e8"},"content":{"rendered":"","protected":false},"excerpt":{"rendered":"<p><strong>Maria Clara Restivo<\/strong><\/p>\n<p style=\"text-align: left;\"><em>\u201cQuesta volta l\u2019idea \u00e8 di camminare un posto. Non camminare verso, non camminare in. Ma camminare un luogo preciso, il Molise\u201d<\/em><\/p>\n<p style=\"text-align: left;\">Due ragazze decidono di partire da Torino e scoprire un luogo per loro \u2013 e per molti \u2013 sconosciuto.<br \/>\n<span><a onclick=\"read_toggle(1959731924, 'Leggi di pi\u00f9', 'Leggi di meno'); return false;\" class=\"read-link\" id=\"readlink1959731924\" style=\"readlink\" href=\"#\">Leggi di pi\u00f9<\/a><\/span>\n<div class=\"read_div\" id=\"read1959731924\" style=\"display: none;\"><\/p>\n<p>Intraprendono un viaggio che durer\u00e0 un mese e lo faranno a piedi, perch\u00e9 la strada si misura con il ritmo lento dei passi, perdendosi tra sentieri e tratturi dimenticati, ricevendo ospitalit\u00e0 da chi di quel viaggio vuole fare parte. E cos\u00ec quella terra misteriosa si popola di nomi, di amici, di storie, e acquista una consistenza che \u00e8 negli occhi, negli incontri, nei chilometri percorsi, prima ancora che su una cartina geografica. A guidarle, i piedi che tracciano la via, la libert\u00e0 di percorrere senza meta una regione sorprendente e di conoscere chi la vive.<\/p>\n<p style=\"text-align: left;\">La voce di Maria Clara racconta questo viaggio con la cadenza degli spazi sconfinati e dei paesi abbarbicati, delle colline, delle valli, del mare con i suoi trabocchi. Usa il \u201cnoi\u201d perch\u00e9 lei e Giulia viaggiano insieme.<br \/>\nE noi con loro.<\/p>\n<p><img decoding=\"async\" loading=\"lazy\" class=\"alignnone wp-image-12329\" src=\"https:\/\/www.neoedizioni.it\/neo\/wp-content\/uploads\/2020\/06\/Logo_Collana_i-Nei.png\" alt=\"\" width=\"30\" height=\"30\" srcset=\"https:\/\/www.neoedizioni.it\/neo\/wp-content\/uploads\/2020\/06\/Logo_Collana_i-Nei.png 60w, https:\/\/www.neoedizioni.it\/neo\/wp-content\/uploads\/2020\/06\/Logo_Collana_i-Nei-50x50.png 50w\" sizes=\"(max-width: 30px) 100vw, 30px\" \/>\u00a0 collana <strong>i NEI<\/strong><\/p>\n<h6>Pagine: 184<br \/>\nFormato: 14 x 20<br \/>\nCopertina flessibile<br \/>\nPrima edizione: giugno 2017<br \/>\nISBN: 978-88-96176-52-8<\/h6>\n<p><\/div><\/p>\n","protected":false},"featured_media":12427,"comment_status":"closed","ping_status":"closed","template":"","meta":[],"product_cat":[2026,2003,2006],"product_tag":[],"yoast_head":"<!-- This site is optimized with the Yoast SEO plugin v19.10 - https:\/\/yoast.com\/wordpress\/plugins\/seo\/ -->\n<title>La strada da fare - In cammino nella regione che (non) c&#039;\u00e8 - NEO. Edizioni<\/title>\n<meta name=\"robots\" content=\"index, follow, max-snippet:-1, max-image-preview:large, max-video-preview:-1\" \/>\n<link rel=\"canonical\" href=\"https:\/\/www.neoedizioni.it\/neo\/prodotto\/la-strada-da-fare-in-cammino-nella-regione-che-non-ce\/\" \/>\n<meta property=\"og:locale\" content=\"it_IT\" \/>\n<meta property=\"og:type\" content=\"article\" \/>\n<meta property=\"og:title\" content=\"La strada da fare - In cammino nella regione che (non) c&#039;\u00e8 - NEO. Edizioni\" \/>\n<meta property=\"og:description\" content=\"Maria Clara Restivo \u201cQuesta volta l\u2019idea \u00e8 di camminare un posto. Non camminare verso, non camminare in. Ma camminare un luogo preciso, il Molise\u201d Due ragazze decidono di partire da Torino e scoprire un luogo per loro \u2013 e per molti \u2013 sconosciuto.\" \/>\n<meta property=\"og:url\" content=\"https:\/\/www.neoedizioni.it\/neo\/prodotto\/la-strada-da-fare-in-cammino-nella-regione-che-non-ce\/\" \/>\n<meta property=\"og:site_name\" content=\"NEO. Edizioni\" \/>\n<meta property=\"article:publisher\" content=\"https:\/\/www.facebook.com\/Neo-Edizioni-1018045348210923\/\" \/>\n<meta property=\"article:modified_time\" content=\"2025-11-19T09:37:30+00:00\" \/>\n<meta property=\"og:image\" content=\"https:\/\/www.neoedizioni.it\/neo\/wp-content\/uploads\/2020\/06\/La-strada-da-fare-Maria-Clara-Restivo.jpg\" \/>\n\t<meta property=\"og:image:width\" content=\"661\" \/>\n\t<meta property=\"og:image:height\" content=\"992\" \/>\n\t<meta property=\"og:image:type\" content=\"image\/jpeg\" \/>\n<meta name=\"twitter:card\" content=\"summary_large_image\" \/>\n<meta name=\"twitter:site\" content=\"@neoedizioni\" \/>\n<script type=\"application\/ld+json\" class=\"yoast-schema-graph\">{\"@context\":\"https:\/\/schema.org\",\"@graph\":[{\"@type\":\"WebPage\",\"@id\":\"https:\/\/www.neoedizioni.it\/neo\/prodotto\/la-strada-da-fare-in-cammino-nella-regione-che-non-ce\/\",\"url\":\"https:\/\/www.neoedizioni.it\/neo\/prodotto\/la-strada-da-fare-in-cammino-nella-regione-che-non-ce\/\",\"name\":\"La strada da fare - In cammino nella regione che (non) c'\u00e8 - NEO. Edizioni\",\"isPartOf\":{\"@id\":\"https:\/\/www.neoedizioni.it\/neo\/#website\"},\"datePublished\":\"2020-06-10T07:00:54+00:00\",\"dateModified\":\"2025-11-19T09:37:30+00:00\",\"breadcrumb\":{\"@id\":\"https:\/\/www.neoedizioni.it\/neo\/prodotto\/la-strada-da-fare-in-cammino-nella-regione-che-non-ce\/#breadcrumb\"},\"inLanguage\":\"it-IT\",\"potentialAction\":[{\"@type\":\"ReadAction\",\"target\":[\"https:\/\/www.neoedizioni.it\/neo\/prodotto\/la-strada-da-fare-in-cammino-nella-regione-che-non-ce\/\"]}]},{\"@type\":\"BreadcrumbList\",\"@id\":\"https:\/\/www.neoedizioni.it\/neo\/prodotto\/la-strada-da-fare-in-cammino-nella-regione-che-non-ce\/#breadcrumb\",\"itemListElement\":[{\"@type\":\"ListItem\",\"position\":1,\"name\":\"Home\",\"item\":\"https:\/\/www.neoedizioni.it\/neo\/\"},{\"@type\":\"ListItem\",\"position\":2,\"name\":\"Libri\",\"item\":\"https:\/\/www.neoedizioni.it\/neo\/libri\/\"},{\"@type\":\"ListItem\",\"position\":3,\"name\":\"La strada da fare &#8211; In cammino nella regione che (non) c&#8217;\u00e8\"}]},{\"@type\":\"WebSite\",\"@id\":\"https:\/\/www.neoedizioni.it\/neo\/#website\",\"url\":\"https:\/\/www.neoedizioni.it\/neo\/\",\"name\":\"NEO. Edizioni\",\"description\":\"PER LETTORI PIONIERI\",\"publisher\":{\"@id\":\"https:\/\/www.neoedizioni.it\/neo\/#organization\"},\"potentialAction\":[{\"@type\":\"SearchAction\",\"target\":{\"@type\":\"EntryPoint\",\"urlTemplate\":\"https:\/\/www.neoedizioni.it\/neo\/?s={search_term_string}\"},\"query-input\":\"required name=search_term_string\"}],\"inLanguage\":\"it-IT\"},{\"@type\":\"Organization\",\"@id\":\"https:\/\/www.neoedizioni.it\/neo\/#organization\",\"name\":\"Neo Edizioni\",\"url\":\"https:\/\/www.neoedizioni.it\/neo\/\",\"logo\":{\"@type\":\"ImageObject\",\"inLanguage\":\"it-IT\",\"@id\":\"https:\/\/www.neoedizioni.it\/neo\/#\/schema\/logo\/image\/\",\"url\":\"https:\/\/www.neoedizioni.it\/neo\/wp-content\/uploads\/2020\/06\/Logo-Neo-Edizioni-Nero_small-1.png\",\"contentUrl\":\"https:\/\/www.neoedizioni.it\/neo\/wp-content\/uploads\/2020\/06\/Logo-Neo-Edizioni-Nero_small-1.png\",\"width\":107,\"height\":50,\"caption\":\"Neo Edizioni\"},\"image\":{\"@id\":\"https:\/\/www.neoedizioni.it\/neo\/#\/schema\/logo\/image\/\"},\"sameAs\":[\"https:\/\/www.instagram.com\/neoedizioni\/\",\"https:\/\/www.pinterest.co.uk\/search\/pins\/?q=neoedizioni&amp;amp;amp;amp;amp;rs=filter\",\"https:\/\/www.facebook.com\/Neo-Edizioni-1018045348210923\/\",\"https:\/\/twitter.com\/neoedizioni\"]}]}<\/script>\n<!-- \/ Yoast SEO plugin. -->","yoast_head_json":{"title":"La strada da fare - In cammino nella regione che (non) c'\u00e8 - NEO. Edizioni","robots":{"index":"index","follow":"follow","max-snippet":"max-snippet:-1","max-image-preview":"max-image-preview:large","max-video-preview":"max-video-preview:-1"},"canonical":"https:\/\/www.neoedizioni.it\/neo\/prodotto\/la-strada-da-fare-in-cammino-nella-regione-che-non-ce\/","og_locale":"it_IT","og_type":"article","og_title":"La strada da fare - In cammino nella regione che (non) c'\u00e8 - NEO. Edizioni","og_description":"Maria Clara Restivo \u201cQuesta volta l\u2019idea \u00e8 di camminare un posto. Non camminare verso, non camminare in. Ma camminare un luogo preciso, il Molise\u201d Due ragazze decidono di partire da Torino e scoprire un luogo per loro \u2013 e per molti \u2013 sconosciuto.","og_url":"https:\/\/www.neoedizioni.it\/neo\/prodotto\/la-strada-da-fare-in-cammino-nella-regione-che-non-ce\/","og_site_name":"NEO. Edizioni","article_publisher":"https:\/\/www.facebook.com\/Neo-Edizioni-1018045348210923\/","article_modified_time":"2025-11-19T09:37:30+00:00","og_image":[{"width":661,"height":992,"url":"https:\/\/www.neoedizioni.it\/neo\/wp-content\/uploads\/2020\/06\/La-strada-da-fare-Maria-Clara-Restivo.jpg","type":"image\/jpeg"}],"twitter_card":"summary_large_image","twitter_site":"@neoedizioni","schema":{"@context":"https:\/\/schema.org","@graph":[{"@type":"WebPage","@id":"https:\/\/www.neoedizioni.it\/neo\/prodotto\/la-strada-da-fare-in-cammino-nella-regione-che-non-ce\/","url":"https:\/\/www.neoedizioni.it\/neo\/prodotto\/la-strada-da-fare-in-cammino-nella-regione-che-non-ce\/","name":"La strada da fare - In cammino nella regione che (non) c'\u00e8 - NEO. Edizioni","isPartOf":{"@id":"https:\/\/www.neoedizioni.it\/neo\/#website"},"datePublished":"2020-06-10T07:00:54+00:00","dateModified":"2025-11-19T09:37:30+00:00","breadcrumb":{"@id":"https:\/\/www.neoedizioni.it\/neo\/prodotto\/la-strada-da-fare-in-cammino-nella-regione-che-non-ce\/#breadcrumb"},"inLanguage":"it-IT","potentialAction":[{"@type":"ReadAction","target":["https:\/\/www.neoedizioni.it\/neo\/prodotto\/la-strada-da-fare-in-cammino-nella-regione-che-non-ce\/"]}]},{"@type":"BreadcrumbList","@id":"https:\/\/www.neoedizioni.it\/neo\/prodotto\/la-strada-da-fare-in-cammino-nella-regione-che-non-ce\/#breadcrumb","itemListElement":[{"@type":"ListItem","position":1,"name":"Home","item":"https:\/\/www.neoedizioni.it\/neo\/"},{"@type":"ListItem","position":2,"name":"Libri","item":"https:\/\/www.neoedizioni.it\/neo\/libri\/"},{"@type":"ListItem","position":3,"name":"La strada da fare &#8211; In cammino nella regione che (non) c&#8217;\u00e8"}]},{"@type":"WebSite","@id":"https:\/\/www.neoedizioni.it\/neo\/#website","url":"https:\/\/www.neoedizioni.it\/neo\/","name":"NEO. Edizioni","description":"PER LETTORI PIONIERI","publisher":{"@id":"https:\/\/www.neoedizioni.it\/neo\/#organization"},"potentialAction":[{"@type":"SearchAction","target":{"@type":"EntryPoint","urlTemplate":"https:\/\/www.neoedizioni.it\/neo\/?s={search_term_string}"},"query-input":"required name=search_term_string"}],"inLanguage":"it-IT"},{"@type":"Organization","@id":"https:\/\/www.neoedizioni.it\/neo\/#organization","name":"Neo Edizioni","url":"https:\/\/www.neoedizioni.it\/neo\/","logo":{"@type":"ImageObject","inLanguage":"it-IT","@id":"https:\/\/www.neoedizioni.it\/neo\/#\/schema\/logo\/image\/","url":"https:\/\/www.neoedizioni.it\/neo\/wp-content\/uploads\/2020\/06\/Logo-Neo-Edizioni-Nero_small-1.png","contentUrl":"https:\/\/www.neoedizioni.it\/neo\/wp-content\/uploads\/2020\/06\/Logo-Neo-Edizioni-Nero_small-1.png","width":107,"height":50,"caption":"Neo Edizioni"},"image":{"@id":"https:\/\/www.neoedizioni.it\/neo\/#\/schema\/logo\/image\/"},"sameAs":["https:\/\/www.instagram.com\/neoedizioni\/","https:\/\/www.pinterest.co.uk\/search\/pins\/?q=neoedizioni&amp;amp;amp;amp;amp;rs=filter","https:\/\/www.facebook.com\/Neo-Edizioni-1018045348210923\/","https:\/\/twitter.com\/neoedizioni"]}]}},"_links":{"self":[{"href":"https:\/\/www.neoedizioni.it\/neo\/wp-json\/wp\/v2\/product\/12850"}],"collection":[{"href":"https:\/\/www.neoedizioni.it\/neo\/wp-json\/wp\/v2\/product"}],"about":[{"href":"https:\/\/www.neoedizioni.it\/neo\/wp-json\/wp\/v2\/types\/product"}],"replies":[{"embeddable":true,"href":"https:\/\/www.neoedizioni.it\/neo\/wp-json\/wp\/v2\/comments?post=12850"}],"wp:featuredmedia":[{"embeddable":true,"href":"https:\/\/www.neoedizioni.it\/neo\/wp-json\/wp\/v2\/media\/12427"}],"wp:attachment":[{"href":"https:\/\/www.neoedizioni.it\/neo\/wp-json\/wp\/v2\/media?parent=12850"}],"wp:term":[{"taxonomy":"product_cat","embeddable":true,"href":"https:\/\/www.neoedizioni.it\/neo\/wp-json\/wp\/v2\/product_cat?post=12850"},{"taxonomy":"product_tag","embeddable":true,"href":"https:\/\/www.neoedizioni.it\/neo\/wp-json\/wp\/v2\/product_tag?post=12850"}],"curies":[{"name":"wp","href":"https:\/\/api.w.org\/{rel}","templated":true}]}}