{"id":12824,"date":"2020-06-10T13:00:02","date_gmt":"2020-06-10T11:00:02","guid":{"rendered":"http:\/\/www.neoedizioni.it\/nuovosito\/?post_type=product&#038;p=12824"},"modified":"2025-11-11T10:00:01","modified_gmt":"2025-11-11T08:00:01","slug":"vinpeel-degli-orizzonti","status":"publish","type":"product","link":"https:\/\/www.neoedizioni.it\/neo\/prodotto\/vinpeel-degli-orizzonti\/","title":{"rendered":"Vinpeel degli orizzonti"},"content":{"rendered":"","protected":false},"excerpt":{"rendered":"<p><strong>Peppe Millanta<\/strong><\/p>\n<p><strong>Vincitore &#8220;Premio John Fante Opera Prima 2018&#8221;<\/strong><\/p>\n<p style=\"text-align: left;\">Un cartello sbiadito con su scritto \u201cBenvenuti a Dinterbild\u201d. Un pugno di case gettate alla rinfusa intorno a una locanda. Una comunit\u00e0 che pare sospesa nel tempo. Una strada da cui non arriva piu\u0300 nessuno, e nessuno ricorda piu\u0300 dove porti.<br \/>\n<span><a onclick=\"read_toggle(85557576, 'Leggi di pi\u00f9', 'Leggi di meno'); return false;\" class=\"read-link\" id=\"readlink85557576\" style=\"readlink\" href=\"#\">Leggi di pi\u00f9<\/a><\/span>\n<div class=\"read_div\" id=\"read85557576\" style=\"display: none;\"><\/p>\n<p style=\"text-align: left;\">E gli occhi di Vinpeel, l&#8217;unico ragazzino di questa bizzarra comunit\u00e0, che una notte, scrutando l&#8217;orizzonte, si convince che al di l\u00e0 di questo mondo esitante ci sia qualcos&#8217;altro.<\/p>\n<p style=\"text-align: left;\">Peppe Millanta, al suo esordio, crea un mondo che tutti vorremmo abitare e che forse, in cuor nostro, gi\u00e0 abitiamo. Racconta di un ragazzino che abita dentro ognuno di noi. C&#8217;\u00e8 la sua vita confinata in un luogo che sembra appartenere a un sogno, c&#8217;\u00e8 suo padre con cui parla solo attraverso l&#8217;aiuto del mare, ci sono amici che hanno la consistenza di nuvole e bizzarri personaggi. Ma su tutto c&#8217;\u00e8 la sua voglia di scoprire, di spingersi oltre ci\u00f2 che gli \u00e8 dato conoscere.<\/p>\n<p>&nbsp;<\/p>\n<p><em>Vinpeel degli orizzonti <\/em>\u00e8 stato tradotto, nel 2021, in Francia da <a href=\"https:\/\/www.lajoiedelire.ch\/livre\/en-route-vers-lailleurs\/\" target=\"_blank\" rel=\"noopener noreferrer\"><strong>La joie de lire<\/strong><\/a>, In Cile e Argentina da <strong><a href=\"https:\/\/www.edicolaed.com\/es\/tienda\/ad-maiora-es\/vinpeel-de-los-horizontes\/\" target=\"_blank\" rel=\"noopener\">Edicola Ediciones<\/a><\/strong> e in Romania da <a href=\"https:\/\/casacartii.ro\/editura\/carte\/zarile-lui-vinpeel\/\" target=\"_blank\" rel=\"noopener noreferrer\"><strong>Casa C\u0103r\u0163ii de \u015etiin\u0163\u0103.<\/strong><\/a><\/p>\n<p><img decoding=\"async\" loading=\"lazy\" class=\"size-full wp-image-12328 alignnone\" src=\"https:\/\/www.neoedizioni.it\/neo\/wp-content\/uploads\/2020\/06\/Logo_Collana_DRY.png\" alt=\"\" width=\"60\" height=\"60\" srcset=\"https:\/\/www.neoedizioni.it\/neo\/wp-content\/uploads\/2020\/06\/Logo_Collana_DRY.png 60w, https:\/\/www.neoedizioni.it\/neo\/wp-content\/uploads\/2020\/06\/Logo_Collana_DRY-50x50.png 50w\" sizes=\"(max-width: 60px) 100vw, 60px\" \/>COLLANA <strong>DRY<\/strong><\/p>\n<h6>Pagine: 256<br \/>\nFormato: 14 x 20<br \/>\nCopertina flessibile<br \/>\nPrima edizione: dicembre 2017<br \/>\nISBN: 978-88-96176-56-6<\/h6>\n<p><\/div><\/p>\n","protected":false},"featured_media":12828,"comment_status":"closed","ping_status":"closed","template":"","meta":[],"product_cat":[2032,2003,2005],"product_tag":[],"yoast_head":"<!-- This site is optimized with the Yoast SEO plugin v19.10 - https:\/\/yoast.com\/wordpress\/plugins\/seo\/ -->\n<title>Vinpeel degli orizzonti - NEO. Edizioni<\/title>\n<meta name=\"robots\" content=\"index, follow, max-snippet:-1, max-image-preview:large, max-video-preview:-1\" \/>\n<link rel=\"canonical\" href=\"https:\/\/www.neoedizioni.it\/neo\/prodotto\/vinpeel-degli-orizzonti\/\" \/>\n<meta property=\"og:locale\" content=\"it_IT\" \/>\n<meta property=\"og:type\" content=\"article\" \/>\n<meta property=\"og:title\" content=\"Vinpeel degli orizzonti - NEO. Edizioni\" \/>\n<meta property=\"og:description\" content=\"Peppe Millanta  Vincitore &quot;Premio John Fante Opera Prima 2018&quot; Un cartello sbiadito con su scritto \u201cBenvenuti a Dinterbild\u201d. Un pugno di case gettate alla rinfusa intorno a una locanda. Una comunit\u00e0 che pare sospesa nel tempo. Una strada da cui non arriva piu\u0300 nessuno, e nessuno ricorda piu\u0300 dove porti.\" \/>\n<meta property=\"og:url\" content=\"https:\/\/www.neoedizioni.it\/neo\/prodotto\/vinpeel-degli-orizzonti\/\" \/>\n<meta property=\"og:site_name\" content=\"NEO. Edizioni\" \/>\n<meta property=\"article:publisher\" content=\"https:\/\/www.facebook.com\/Neo-Edizioni-1018045348210923\/\" \/>\n<meta property=\"article:modified_time\" content=\"2025-11-11T08:00:01+00:00\" \/>\n<meta property=\"og:image\" content=\"https:\/\/www.neoedizioni.it\/neo\/wp-content\/uploads\/2020\/06\/Vinpeel-degli-oriizzonti-Peppe-Millanta.jpg\" \/>\n\t<meta property=\"og:image:width\" content=\"695\" \/>\n\t<meta property=\"og:image:height\" content=\"992\" \/>\n\t<meta property=\"og:image:type\" content=\"image\/jpeg\" \/>\n<meta name=\"twitter:card\" content=\"summary_large_image\" \/>\n<meta name=\"twitter:site\" content=\"@neoedizioni\" \/>\n<script type=\"application\/ld+json\" class=\"yoast-schema-graph\">{\"@context\":\"https:\/\/schema.org\",\"@graph\":[{\"@type\":\"WebPage\",\"@id\":\"https:\/\/www.neoedizioni.it\/neo\/prodotto\/vinpeel-degli-orizzonti\/\",\"url\":\"https:\/\/www.neoedizioni.it\/neo\/prodotto\/vinpeel-degli-orizzonti\/\",\"name\":\"Vinpeel degli orizzonti - NEO. Edizioni\",\"isPartOf\":{\"@id\":\"https:\/\/www.neoedizioni.it\/neo\/#website\"},\"datePublished\":\"2020-06-10T11:00:02+00:00\",\"dateModified\":\"2025-11-11T08:00:01+00:00\",\"breadcrumb\":{\"@id\":\"https:\/\/www.neoedizioni.it\/neo\/prodotto\/vinpeel-degli-orizzonti\/#breadcrumb\"},\"inLanguage\":\"it-IT\",\"potentialAction\":[{\"@type\":\"ReadAction\",\"target\":[\"https:\/\/www.neoedizioni.it\/neo\/prodotto\/vinpeel-degli-orizzonti\/\"]}]},{\"@type\":\"BreadcrumbList\",\"@id\":\"https:\/\/www.neoedizioni.it\/neo\/prodotto\/vinpeel-degli-orizzonti\/#breadcrumb\",\"itemListElement\":[{\"@type\":\"ListItem\",\"position\":1,\"name\":\"Home\",\"item\":\"https:\/\/www.neoedizioni.it\/neo\/\"},{\"@type\":\"ListItem\",\"position\":2,\"name\":\"Libri\",\"item\":\"https:\/\/www.neoedizioni.it\/neo\/libri\/\"},{\"@type\":\"ListItem\",\"position\":3,\"name\":\"Vinpeel degli orizzonti\"}]},{\"@type\":\"WebSite\",\"@id\":\"https:\/\/www.neoedizioni.it\/neo\/#website\",\"url\":\"https:\/\/www.neoedizioni.it\/neo\/\",\"name\":\"NEO. Edizioni\",\"description\":\"PER LETTORI PIONIERI\",\"publisher\":{\"@id\":\"https:\/\/www.neoedizioni.it\/neo\/#organization\"},\"potentialAction\":[{\"@type\":\"SearchAction\",\"target\":{\"@type\":\"EntryPoint\",\"urlTemplate\":\"https:\/\/www.neoedizioni.it\/neo\/?s={search_term_string}\"},\"query-input\":\"required name=search_term_string\"}],\"inLanguage\":\"it-IT\"},{\"@type\":\"Organization\",\"@id\":\"https:\/\/www.neoedizioni.it\/neo\/#organization\",\"name\":\"Neo Edizioni\",\"url\":\"https:\/\/www.neoedizioni.it\/neo\/\",\"logo\":{\"@type\":\"ImageObject\",\"inLanguage\":\"it-IT\",\"@id\":\"https:\/\/www.neoedizioni.it\/neo\/#\/schema\/logo\/image\/\",\"url\":\"https:\/\/www.neoedizioni.it\/neo\/wp-content\/uploads\/2020\/06\/Logo-Neo-Edizioni-Nero_small-1.png\",\"contentUrl\":\"https:\/\/www.neoedizioni.it\/neo\/wp-content\/uploads\/2020\/06\/Logo-Neo-Edizioni-Nero_small-1.png\",\"width\":107,\"height\":50,\"caption\":\"Neo Edizioni\"},\"image\":{\"@id\":\"https:\/\/www.neoedizioni.it\/neo\/#\/schema\/logo\/image\/\"},\"sameAs\":[\"https:\/\/www.instagram.com\/neoedizioni\/\",\"https:\/\/www.pinterest.co.uk\/search\/pins\/?q=neoedizioni&amp;amp;amp;amp;amp;rs=filter\",\"https:\/\/www.facebook.com\/Neo-Edizioni-1018045348210923\/\",\"https:\/\/twitter.com\/neoedizioni\"]}]}<\/script>\n<!-- \/ Yoast SEO plugin. -->","yoast_head_json":{"title":"Vinpeel degli orizzonti - NEO. Edizioni","robots":{"index":"index","follow":"follow","max-snippet":"max-snippet:-1","max-image-preview":"max-image-preview:large","max-video-preview":"max-video-preview:-1"},"canonical":"https:\/\/www.neoedizioni.it\/neo\/prodotto\/vinpeel-degli-orizzonti\/","og_locale":"it_IT","og_type":"article","og_title":"Vinpeel degli orizzonti - NEO. Edizioni","og_description":"Peppe Millanta  Vincitore \"Premio John Fante Opera Prima 2018\" Un cartello sbiadito con su scritto \u201cBenvenuti a Dinterbild\u201d. Un pugno di case gettate alla rinfusa intorno a una locanda. Una comunit\u00e0 che pare sospesa nel tempo. Una strada da cui non arriva piu\u0300 nessuno, e nessuno ricorda piu\u0300 dove porti.","og_url":"https:\/\/www.neoedizioni.it\/neo\/prodotto\/vinpeel-degli-orizzonti\/","og_site_name":"NEO. Edizioni","article_publisher":"https:\/\/www.facebook.com\/Neo-Edizioni-1018045348210923\/","article_modified_time":"2025-11-11T08:00:01+00:00","og_image":[{"width":695,"height":992,"url":"https:\/\/www.neoedizioni.it\/neo\/wp-content\/uploads\/2020\/06\/Vinpeel-degli-oriizzonti-Peppe-Millanta.jpg","type":"image\/jpeg"}],"twitter_card":"summary_large_image","twitter_site":"@neoedizioni","schema":{"@context":"https:\/\/schema.org","@graph":[{"@type":"WebPage","@id":"https:\/\/www.neoedizioni.it\/neo\/prodotto\/vinpeel-degli-orizzonti\/","url":"https:\/\/www.neoedizioni.it\/neo\/prodotto\/vinpeel-degli-orizzonti\/","name":"Vinpeel degli orizzonti - NEO. Edizioni","isPartOf":{"@id":"https:\/\/www.neoedizioni.it\/neo\/#website"},"datePublished":"2020-06-10T11:00:02+00:00","dateModified":"2025-11-11T08:00:01+00:00","breadcrumb":{"@id":"https:\/\/www.neoedizioni.it\/neo\/prodotto\/vinpeel-degli-orizzonti\/#breadcrumb"},"inLanguage":"it-IT","potentialAction":[{"@type":"ReadAction","target":["https:\/\/www.neoedizioni.it\/neo\/prodotto\/vinpeel-degli-orizzonti\/"]}]},{"@type":"BreadcrumbList","@id":"https:\/\/www.neoedizioni.it\/neo\/prodotto\/vinpeel-degli-orizzonti\/#breadcrumb","itemListElement":[{"@type":"ListItem","position":1,"name":"Home","item":"https:\/\/www.neoedizioni.it\/neo\/"},{"@type":"ListItem","position":2,"name":"Libri","item":"https:\/\/www.neoedizioni.it\/neo\/libri\/"},{"@type":"ListItem","position":3,"name":"Vinpeel degli orizzonti"}]},{"@type":"WebSite","@id":"https:\/\/www.neoedizioni.it\/neo\/#website","url":"https:\/\/www.neoedizioni.it\/neo\/","name":"NEO. Edizioni","description":"PER LETTORI PIONIERI","publisher":{"@id":"https:\/\/www.neoedizioni.it\/neo\/#organization"},"potentialAction":[{"@type":"SearchAction","target":{"@type":"EntryPoint","urlTemplate":"https:\/\/www.neoedizioni.it\/neo\/?s={search_term_string}"},"query-input":"required name=search_term_string"}],"inLanguage":"it-IT"},{"@type":"Organization","@id":"https:\/\/www.neoedizioni.it\/neo\/#organization","name":"Neo Edizioni","url":"https:\/\/www.neoedizioni.it\/neo\/","logo":{"@type":"ImageObject","inLanguage":"it-IT","@id":"https:\/\/www.neoedizioni.it\/neo\/#\/schema\/logo\/image\/","url":"https:\/\/www.neoedizioni.it\/neo\/wp-content\/uploads\/2020\/06\/Logo-Neo-Edizioni-Nero_small-1.png","contentUrl":"https:\/\/www.neoedizioni.it\/neo\/wp-content\/uploads\/2020\/06\/Logo-Neo-Edizioni-Nero_small-1.png","width":107,"height":50,"caption":"Neo Edizioni"},"image":{"@id":"https:\/\/www.neoedizioni.it\/neo\/#\/schema\/logo\/image\/"},"sameAs":["https:\/\/www.instagram.com\/neoedizioni\/","https:\/\/www.pinterest.co.uk\/search\/pins\/?q=neoedizioni&amp;amp;amp;amp;amp;rs=filter","https:\/\/www.facebook.com\/Neo-Edizioni-1018045348210923\/","https:\/\/twitter.com\/neoedizioni"]}]}},"_links":{"self":[{"href":"https:\/\/www.neoedizioni.it\/neo\/wp-json\/wp\/v2\/product\/12824"}],"collection":[{"href":"https:\/\/www.neoedizioni.it\/neo\/wp-json\/wp\/v2\/product"}],"about":[{"href":"https:\/\/www.neoedizioni.it\/neo\/wp-json\/wp\/v2\/types\/product"}],"replies":[{"embeddable":true,"href":"https:\/\/www.neoedizioni.it\/neo\/wp-json\/wp\/v2\/comments?post=12824"}],"wp:featuredmedia":[{"embeddable":true,"href":"https:\/\/www.neoedizioni.it\/neo\/wp-json\/wp\/v2\/media\/12828"}],"wp:attachment":[{"href":"https:\/\/www.neoedizioni.it\/neo\/wp-json\/wp\/v2\/media?parent=12824"}],"wp:term":[{"taxonomy":"product_cat","embeddable":true,"href":"https:\/\/www.neoedizioni.it\/neo\/wp-json\/wp\/v2\/product_cat?post=12824"},{"taxonomy":"product_tag","embeddable":true,"href":"https:\/\/www.neoedizioni.it\/neo\/wp-json\/wp\/v2\/product_tag?post=12824"}],"curies":[{"name":"wp","href":"https:\/\/api.w.org\/{rel}","templated":true}]}}