{"id":12705,"date":"2020-06-10T00:40:22","date_gmt":"2020-06-09T22:40:22","guid":{"rendered":"http:\/\/www.neoedizioni.it\/nuovosito\/?post_type=product&#038;p=12705"},"modified":"2025-11-19T11:48:11","modified_gmt":"2025-11-19T09:48:11","slug":"testamento-di-un-poeta-cimiteriale","status":"publish","type":"product","link":"https:\/\/www.neoedizioni.it\/neo\/prodotto\/testamento-di-un-poeta-cimiteriale\/","title":{"rendered":"Testamento di un poeta cimiteriale"},"content":{"rendered":"","protected":false},"excerpt":{"rendered":"<p><strong>Mauro Petrarca<\/strong><\/p>\n<p><em>\u201cConosco il poeta maledetto da anni. Qui ha ancora cantato il suo inno becchino alle croci arrugginite. Tutti quelli che di lui sorrisero eran gi\u00e0 trapassati, il poeta Petrarca invece \u00e8 solo passato a miglior morte\u201d <\/em>dalla prefazione di <strong>Gianluca Nicoletti<\/strong><br \/>\n<span><a onclick=\"read_toggle(863799639, 'Leggi di pi\u00f9', 'Leggi di meno'); return false;\" class=\"read-link\" id=\"readlink863799639\" style=\"readlink\" href=\"#\">Leggi di pi\u00f9<\/a><\/span>\n<div class=\"read_div\" id=\"read863799639\" style=\"display: none;\"><br \/>\nSe c\u2019\u00e8 un personaggio pop fuori da ogni schema, questo \u00e8 Mauro Petrarca, alle cronache dei media nazionali: \u201cpoeta cimiteriale\u201d. Da icona di X-Factor a ospite fisso di Radio 24 e RaiDue, signore assoluto del web, capace di sdoganare sepolcri, cimiteri, becchini e tutto ci\u00f2 che di gotico e macabro possa esserci. Con un\u2019ironia lancinante, con un gioco del grottesco inaspettato, i suoi componimenti spiazzano per intelligenza, stravaganza e humor nero. Poesie, epitaffi, liriche in cui parole e senso giocano come zampe di cornacchia su una lapide, ma soprattutto oggetti alieni indefinibili eppure godibili, divertiti e sognanti. Il mondo di Petrarca \u00e8 lo stesso che abitiamo, eppure nella sua luce crepuscolare c\u2019\u00e8 molta pi\u00f9 favola che realt\u00e0.<\/p>\n<p><img decoding=\"async\" loading=\"lazy\" class=\"alignnone wp-image-12331\" src=\"https:\/\/www.neoedizioni.it\/neo\/wp-content\/uploads\/2020\/06\/Logo_collana_Intimate.png\" alt=\"\" width=\"50\" height=\"50\" srcset=\"https:\/\/www.neoedizioni.it\/neo\/wp-content\/uploads\/2020\/06\/Logo_collana_Intimate.png 60w, https:\/\/www.neoedizioni.it\/neo\/wp-content\/uploads\/2020\/06\/Logo_collana_Intimate-50x50.png 50w\" sizes=\"(max-width: 50px) 100vw, 50px\" \/>collana <strong>INTIMATE<\/strong><\/p>\n<h6>Pagine: 144<br \/>\nFormato: 14 x 20<br \/>\nCopertina flessibile<br \/>\nPrima edizione: ottobre 2013<br \/>\nISBN: 978-88-96176-17-7<br \/>\n<\/div><\/h6>\n","protected":false},"featured_media":12440,"comment_status":"closed","ping_status":"closed","template":"","meta":[],"product_cat":[2027,2003,2008],"product_tag":[],"yoast_head":"<!-- This site is optimized with the Yoast SEO plugin v19.10 - https:\/\/yoast.com\/wordpress\/plugins\/seo\/ -->\n<title>Testamento di un poeta cimiteriale - NEO. Edizioni<\/title>\n<meta name=\"robots\" content=\"index, follow, max-snippet:-1, max-image-preview:large, max-video-preview:-1\" \/>\n<link rel=\"canonical\" href=\"https:\/\/www.neoedizioni.it\/neo\/prodotto\/testamento-di-un-poeta-cimiteriale\/\" \/>\n<meta property=\"og:locale\" content=\"it_IT\" \/>\n<meta property=\"og:type\" content=\"article\" \/>\n<meta property=\"og:title\" content=\"Testamento di un poeta cimiteriale - NEO. Edizioni\" \/>\n<meta property=\"og:description\" content=\"Mauro Petrarca  \u201cConosco il poeta maledetto da anni. Qui ha ancora cantato il suo inno becchino alle croci arrugginite. Tutti quelli che di lui sorrisero eran gi\u00e0 trapassati, il poeta Petrarca invece \u00e8 solo passato a miglior morte\u201d dalla prefazione di Gianluca Nicoletti\" \/>\n<meta property=\"og:url\" content=\"https:\/\/www.neoedizioni.it\/neo\/prodotto\/testamento-di-un-poeta-cimiteriale\/\" \/>\n<meta property=\"og:site_name\" content=\"NEO. Edizioni\" \/>\n<meta property=\"article:publisher\" content=\"https:\/\/www.facebook.com\/Neo-Edizioni-1018045348210923\/\" \/>\n<meta property=\"article:modified_time\" content=\"2025-11-19T09:48:11+00:00\" \/>\n<meta property=\"og:image\" content=\"https:\/\/www.neoedizioni.it\/neo\/wp-content\/uploads\/2020\/06\/Testamento-di-un-poesta-cimiteriale-Mauro-Petrarca.jpg\" \/>\n\t<meta property=\"og:image:width\" content=\"661\" \/>\n\t<meta property=\"og:image:height\" content=\"992\" \/>\n\t<meta property=\"og:image:type\" content=\"image\/jpeg\" \/>\n<meta name=\"twitter:card\" content=\"summary_large_image\" \/>\n<meta name=\"twitter:site\" content=\"@neoedizioni\" \/>\n<script type=\"application\/ld+json\" class=\"yoast-schema-graph\">{\"@context\":\"https:\/\/schema.org\",\"@graph\":[{\"@type\":\"WebPage\",\"@id\":\"https:\/\/www.neoedizioni.it\/neo\/prodotto\/testamento-di-un-poeta-cimiteriale\/\",\"url\":\"https:\/\/www.neoedizioni.it\/neo\/prodotto\/testamento-di-un-poeta-cimiteriale\/\",\"name\":\"Testamento di un poeta cimiteriale - NEO. Edizioni\",\"isPartOf\":{\"@id\":\"https:\/\/www.neoedizioni.it\/neo\/#website\"},\"datePublished\":\"2020-06-09T22:40:22+00:00\",\"dateModified\":\"2025-11-19T09:48:11+00:00\",\"breadcrumb\":{\"@id\":\"https:\/\/www.neoedizioni.it\/neo\/prodotto\/testamento-di-un-poeta-cimiteriale\/#breadcrumb\"},\"inLanguage\":\"it-IT\",\"potentialAction\":[{\"@type\":\"ReadAction\",\"target\":[\"https:\/\/www.neoedizioni.it\/neo\/prodotto\/testamento-di-un-poeta-cimiteriale\/\"]}]},{\"@type\":\"BreadcrumbList\",\"@id\":\"https:\/\/www.neoedizioni.it\/neo\/prodotto\/testamento-di-un-poeta-cimiteriale\/#breadcrumb\",\"itemListElement\":[{\"@type\":\"ListItem\",\"position\":1,\"name\":\"Home\",\"item\":\"https:\/\/www.neoedizioni.it\/neo\/\"},{\"@type\":\"ListItem\",\"position\":2,\"name\":\"Libri\",\"item\":\"https:\/\/www.neoedizioni.it\/neo\/libri\/\"},{\"@type\":\"ListItem\",\"position\":3,\"name\":\"Testamento di un poeta cimiteriale\"}]},{\"@type\":\"WebSite\",\"@id\":\"https:\/\/www.neoedizioni.it\/neo\/#website\",\"url\":\"https:\/\/www.neoedizioni.it\/neo\/\",\"name\":\"NEO. Edizioni\",\"description\":\"PER LETTORI PIONIERI\",\"publisher\":{\"@id\":\"https:\/\/www.neoedizioni.it\/neo\/#organization\"},\"potentialAction\":[{\"@type\":\"SearchAction\",\"target\":{\"@type\":\"EntryPoint\",\"urlTemplate\":\"https:\/\/www.neoedizioni.it\/neo\/?s={search_term_string}\"},\"query-input\":\"required name=search_term_string\"}],\"inLanguage\":\"it-IT\"},{\"@type\":\"Organization\",\"@id\":\"https:\/\/www.neoedizioni.it\/neo\/#organization\",\"name\":\"Neo Edizioni\",\"url\":\"https:\/\/www.neoedizioni.it\/neo\/\",\"logo\":{\"@type\":\"ImageObject\",\"inLanguage\":\"it-IT\",\"@id\":\"https:\/\/www.neoedizioni.it\/neo\/#\/schema\/logo\/image\/\",\"url\":\"https:\/\/www.neoedizioni.it\/neo\/wp-content\/uploads\/2020\/06\/Logo-Neo-Edizioni-Nero_small-1.png\",\"contentUrl\":\"https:\/\/www.neoedizioni.it\/neo\/wp-content\/uploads\/2020\/06\/Logo-Neo-Edizioni-Nero_small-1.png\",\"width\":107,\"height\":50,\"caption\":\"Neo Edizioni\"},\"image\":{\"@id\":\"https:\/\/www.neoedizioni.it\/neo\/#\/schema\/logo\/image\/\"},\"sameAs\":[\"https:\/\/www.instagram.com\/neoedizioni\/\",\"https:\/\/www.pinterest.co.uk\/search\/pins\/?q=neoedizioni&amp;amp;amp;amp;amp;rs=filter\",\"https:\/\/www.facebook.com\/Neo-Edizioni-1018045348210923\/\",\"https:\/\/twitter.com\/neoedizioni\"]}]}<\/script>\n<!-- \/ Yoast SEO plugin. -->","yoast_head_json":{"title":"Testamento di un poeta cimiteriale - NEO. Edizioni","robots":{"index":"index","follow":"follow","max-snippet":"max-snippet:-1","max-image-preview":"max-image-preview:large","max-video-preview":"max-video-preview:-1"},"canonical":"https:\/\/www.neoedizioni.it\/neo\/prodotto\/testamento-di-un-poeta-cimiteriale\/","og_locale":"it_IT","og_type":"article","og_title":"Testamento di un poeta cimiteriale - NEO. Edizioni","og_description":"Mauro Petrarca  \u201cConosco il poeta maledetto da anni. Qui ha ancora cantato il suo inno becchino alle croci arrugginite. Tutti quelli che di lui sorrisero eran gi\u00e0 trapassati, il poeta Petrarca invece \u00e8 solo passato a miglior morte\u201d dalla prefazione di Gianluca Nicoletti","og_url":"https:\/\/www.neoedizioni.it\/neo\/prodotto\/testamento-di-un-poeta-cimiteriale\/","og_site_name":"NEO. Edizioni","article_publisher":"https:\/\/www.facebook.com\/Neo-Edizioni-1018045348210923\/","article_modified_time":"2025-11-19T09:48:11+00:00","og_image":[{"width":661,"height":992,"url":"https:\/\/www.neoedizioni.it\/neo\/wp-content\/uploads\/2020\/06\/Testamento-di-un-poesta-cimiteriale-Mauro-Petrarca.jpg","type":"image\/jpeg"}],"twitter_card":"summary_large_image","twitter_site":"@neoedizioni","schema":{"@context":"https:\/\/schema.org","@graph":[{"@type":"WebPage","@id":"https:\/\/www.neoedizioni.it\/neo\/prodotto\/testamento-di-un-poeta-cimiteriale\/","url":"https:\/\/www.neoedizioni.it\/neo\/prodotto\/testamento-di-un-poeta-cimiteriale\/","name":"Testamento di un poeta cimiteriale - NEO. Edizioni","isPartOf":{"@id":"https:\/\/www.neoedizioni.it\/neo\/#website"},"datePublished":"2020-06-09T22:40:22+00:00","dateModified":"2025-11-19T09:48:11+00:00","breadcrumb":{"@id":"https:\/\/www.neoedizioni.it\/neo\/prodotto\/testamento-di-un-poeta-cimiteriale\/#breadcrumb"},"inLanguage":"it-IT","potentialAction":[{"@type":"ReadAction","target":["https:\/\/www.neoedizioni.it\/neo\/prodotto\/testamento-di-un-poeta-cimiteriale\/"]}]},{"@type":"BreadcrumbList","@id":"https:\/\/www.neoedizioni.it\/neo\/prodotto\/testamento-di-un-poeta-cimiteriale\/#breadcrumb","itemListElement":[{"@type":"ListItem","position":1,"name":"Home","item":"https:\/\/www.neoedizioni.it\/neo\/"},{"@type":"ListItem","position":2,"name":"Libri","item":"https:\/\/www.neoedizioni.it\/neo\/libri\/"},{"@type":"ListItem","position":3,"name":"Testamento di un poeta cimiteriale"}]},{"@type":"WebSite","@id":"https:\/\/www.neoedizioni.it\/neo\/#website","url":"https:\/\/www.neoedizioni.it\/neo\/","name":"NEO. Edizioni","description":"PER LETTORI PIONIERI","publisher":{"@id":"https:\/\/www.neoedizioni.it\/neo\/#organization"},"potentialAction":[{"@type":"SearchAction","target":{"@type":"EntryPoint","urlTemplate":"https:\/\/www.neoedizioni.it\/neo\/?s={search_term_string}"},"query-input":"required name=search_term_string"}],"inLanguage":"it-IT"},{"@type":"Organization","@id":"https:\/\/www.neoedizioni.it\/neo\/#organization","name":"Neo Edizioni","url":"https:\/\/www.neoedizioni.it\/neo\/","logo":{"@type":"ImageObject","inLanguage":"it-IT","@id":"https:\/\/www.neoedizioni.it\/neo\/#\/schema\/logo\/image\/","url":"https:\/\/www.neoedizioni.it\/neo\/wp-content\/uploads\/2020\/06\/Logo-Neo-Edizioni-Nero_small-1.png","contentUrl":"https:\/\/www.neoedizioni.it\/neo\/wp-content\/uploads\/2020\/06\/Logo-Neo-Edizioni-Nero_small-1.png","width":107,"height":50,"caption":"Neo Edizioni"},"image":{"@id":"https:\/\/www.neoedizioni.it\/neo\/#\/schema\/logo\/image\/"},"sameAs":["https:\/\/www.instagram.com\/neoedizioni\/","https:\/\/www.pinterest.co.uk\/search\/pins\/?q=neoedizioni&amp;amp;amp;amp;amp;rs=filter","https:\/\/www.facebook.com\/Neo-Edizioni-1018045348210923\/","https:\/\/twitter.com\/neoedizioni"]}]}},"_links":{"self":[{"href":"https:\/\/www.neoedizioni.it\/neo\/wp-json\/wp\/v2\/product\/12705"}],"collection":[{"href":"https:\/\/www.neoedizioni.it\/neo\/wp-json\/wp\/v2\/product"}],"about":[{"href":"https:\/\/www.neoedizioni.it\/neo\/wp-json\/wp\/v2\/types\/product"}],"replies":[{"embeddable":true,"href":"https:\/\/www.neoedizioni.it\/neo\/wp-json\/wp\/v2\/comments?post=12705"}],"wp:featuredmedia":[{"embeddable":true,"href":"https:\/\/www.neoedizioni.it\/neo\/wp-json\/wp\/v2\/media\/12440"}],"wp:attachment":[{"href":"https:\/\/www.neoedizioni.it\/neo\/wp-json\/wp\/v2\/media?parent=12705"}],"wp:term":[{"taxonomy":"product_cat","embeddable":true,"href":"https:\/\/www.neoedizioni.it\/neo\/wp-json\/wp\/v2\/product_cat?post=12705"},{"taxonomy":"product_tag","embeddable":true,"href":"https:\/\/www.neoedizioni.it\/neo\/wp-json\/wp\/v2\/product_tag?post=12705"}],"curies":[{"name":"wp","href":"https:\/\/api.w.org\/{rel}","templated":true}]}}