{"id":12692,"date":"2020-06-10T00:25:05","date_gmt":"2020-06-09T22:25:05","guid":{"rendered":"http:\/\/www.neoedizioni.it\/nuovosito\/?post_type=product&#038;p=12692"},"modified":"2025-11-19T11:50:59","modified_gmt":"2025-11-19T09:50:59","slug":"guida-alla-vita-laica","status":"publish","type":"product","link":"https:\/\/www.neoedizioni.it\/neo\/prodotto\/guida-alla-vita-laica\/","title":{"rendered":"Guida alla vita laica"},"content":{"rendered":"","protected":false},"excerpt":{"rendered":"<p><strong>Roberto Anzellotti<\/strong><\/p>\n<p>Una guida pratica al vivere laico, un manuale per muoversi e destreggiarsi tra i paradossi e le contraddizioni di uno stato che si dice laico ma che di fatto non \u00e8. L\u2019otto per mille, il divorzio, l\u2019aborto e le cellule staminali, il testamento biologico, lo sbattezzo e i matrimoni misti, <span><a onclick=\"read_toggle(1648792245, 'Leggi di pi\u00f9', 'Leggi di meno'); return false;\" class=\"read-link\" id=\"readlink1648792245\" style=\"readlink\" href=\"#\">Leggi di pi\u00f9<\/a><\/span>\n<div class=\"read_div\" id=\"read1648792245\" style=\"display: none;\">ecco alcuni temi affrontati, nonch\u00e9 un itinerario assolutamente inedito sui &#8220;luoghi della laicit\u00e0&#8221;: luoghi italiani dove si \u00e8 manifestata la repressione della chiesa cattolica o dove ancora pi\u00f9 forte si \u00e8 affermata l&#8217;emancipazione della coscienza atea, agnostica o laica.<\/p>\n<p><em>Guida alla vita laica<\/em> ripudia ogni forma di indottrinamento e non mira a fare proseliti. \u00c8 un libro che ha uno scopo sociale ed \u00e8 indirizzato a coloro che rivendicano il diritto costituzionale di vivere in uno stato laico.<\/p>\n<p><img decoding=\"async\" loading=\"lazy\" class=\"alignnone wp-image-12329\" src=\"https:\/\/www.neoedizioni.it\/neo\/wp-content\/uploads\/2020\/06\/Logo_Collana_i-Nei.png\" alt=\"\" width=\"30\" height=\"30\" srcset=\"https:\/\/www.neoedizioni.it\/neo\/wp-content\/uploads\/2020\/06\/Logo_Collana_i-Nei.png 60w, https:\/\/www.neoedizioni.it\/neo\/wp-content\/uploads\/2020\/06\/Logo_Collana_i-Nei-50x50.png 50w\" sizes=\"(max-width: 30px) 100vw, 30px\" \/>\u00a0 collana <strong>i NEI<\/strong><\/p>\n<h6>Pagine: 160<br \/>\nFormato: 12,5 x 18<br \/>\nCopertina flessibile<br \/>\nPrima edizione: febbraio 2013<br \/>\nISBN: 978-88-96176-14-6<\/h6>\n<p><\/div><\/p>\n","protected":false},"featured_media":12417,"comment_status":"closed","ping_status":"closed","template":"","meta":[],"product_cat":[2034,2003,2006],"product_tag":[],"yoast_head":"<!-- This site is optimized with the Yoast SEO plugin v19.10 - https:\/\/yoast.com\/wordpress\/plugins\/seo\/ -->\n<title>Guida alla vita laica - NEO. Edizioni<\/title>\n<meta name=\"robots\" content=\"index, follow, max-snippet:-1, max-image-preview:large, max-video-preview:-1\" \/>\n<link rel=\"canonical\" href=\"https:\/\/www.neoedizioni.it\/neo\/prodotto\/guida-alla-vita-laica\/\" \/>\n<meta property=\"og:locale\" content=\"it_IT\" \/>\n<meta property=\"og:type\" content=\"article\" \/>\n<meta property=\"og:title\" content=\"Guida alla vita laica - NEO. Edizioni\" \/>\n<meta property=\"og:description\" content=\"Roberto Anzellotti  Una guida pratica al vivere laico, un manuale per muoversi e destreggiarsi tra i paradossi e le contraddizioni di uno stato che si dice laico ma che di fatto non \u00e8. L\u2019otto per mille, il divorzio, l\u2019aborto e le cellule staminali, il testamento biologico, lo sbattezzo e i matrimoni misti,\" \/>\n<meta property=\"og:url\" content=\"https:\/\/www.neoedizioni.it\/neo\/prodotto\/guida-alla-vita-laica\/\" \/>\n<meta property=\"og:site_name\" content=\"NEO. Edizioni\" \/>\n<meta property=\"article:publisher\" content=\"https:\/\/www.facebook.com\/Neo-Edizioni-1018045348210923\/\" \/>\n<meta property=\"article:modified_time\" content=\"2025-11-19T09:50:59+00:00\" \/>\n<meta property=\"og:image\" content=\"https:\/\/www.neoedizioni.it\/neo\/wp-content\/uploads\/2020\/06\/Guida-alla-vita-laica-Roberto-Anzellotti.jpg\" \/>\n\t<meta property=\"og:image:width\" content=\"661\" \/>\n\t<meta property=\"og:image:height\" content=\"992\" \/>\n\t<meta property=\"og:image:type\" content=\"image\/jpeg\" \/>\n<meta name=\"twitter:card\" content=\"summary_large_image\" \/>\n<meta name=\"twitter:site\" content=\"@neoedizioni\" \/>\n<script type=\"application\/ld+json\" class=\"yoast-schema-graph\">{\"@context\":\"https:\/\/schema.org\",\"@graph\":[{\"@type\":\"WebPage\",\"@id\":\"https:\/\/www.neoedizioni.it\/neo\/prodotto\/guida-alla-vita-laica\/\",\"url\":\"https:\/\/www.neoedizioni.it\/neo\/prodotto\/guida-alla-vita-laica\/\",\"name\":\"Guida alla vita laica - NEO. Edizioni\",\"isPartOf\":{\"@id\":\"https:\/\/www.neoedizioni.it\/neo\/#website\"},\"datePublished\":\"2020-06-09T22:25:05+00:00\",\"dateModified\":\"2025-11-19T09:50:59+00:00\",\"breadcrumb\":{\"@id\":\"https:\/\/www.neoedizioni.it\/neo\/prodotto\/guida-alla-vita-laica\/#breadcrumb\"},\"inLanguage\":\"it-IT\",\"potentialAction\":[{\"@type\":\"ReadAction\",\"target\":[\"https:\/\/www.neoedizioni.it\/neo\/prodotto\/guida-alla-vita-laica\/\"]}]},{\"@type\":\"BreadcrumbList\",\"@id\":\"https:\/\/www.neoedizioni.it\/neo\/prodotto\/guida-alla-vita-laica\/#breadcrumb\",\"itemListElement\":[{\"@type\":\"ListItem\",\"position\":1,\"name\":\"Home\",\"item\":\"https:\/\/www.neoedizioni.it\/neo\/\"},{\"@type\":\"ListItem\",\"position\":2,\"name\":\"Libri\",\"item\":\"https:\/\/www.neoedizioni.it\/neo\/libri\/\"},{\"@type\":\"ListItem\",\"position\":3,\"name\":\"Guida alla vita laica\"}]},{\"@type\":\"WebSite\",\"@id\":\"https:\/\/www.neoedizioni.it\/neo\/#website\",\"url\":\"https:\/\/www.neoedizioni.it\/neo\/\",\"name\":\"NEO. Edizioni\",\"description\":\"PER LETTORI PIONIERI\",\"publisher\":{\"@id\":\"https:\/\/www.neoedizioni.it\/neo\/#organization\"},\"potentialAction\":[{\"@type\":\"SearchAction\",\"target\":{\"@type\":\"EntryPoint\",\"urlTemplate\":\"https:\/\/www.neoedizioni.it\/neo\/?s={search_term_string}\"},\"query-input\":\"required name=search_term_string\"}],\"inLanguage\":\"it-IT\"},{\"@type\":\"Organization\",\"@id\":\"https:\/\/www.neoedizioni.it\/neo\/#organization\",\"name\":\"Neo Edizioni\",\"url\":\"https:\/\/www.neoedizioni.it\/neo\/\",\"logo\":{\"@type\":\"ImageObject\",\"inLanguage\":\"it-IT\",\"@id\":\"https:\/\/www.neoedizioni.it\/neo\/#\/schema\/logo\/image\/\",\"url\":\"https:\/\/www.neoedizioni.it\/neo\/wp-content\/uploads\/2020\/06\/Logo-Neo-Edizioni-Nero_small-1.png\",\"contentUrl\":\"https:\/\/www.neoedizioni.it\/neo\/wp-content\/uploads\/2020\/06\/Logo-Neo-Edizioni-Nero_small-1.png\",\"width\":107,\"height\":50,\"caption\":\"Neo Edizioni\"},\"image\":{\"@id\":\"https:\/\/www.neoedizioni.it\/neo\/#\/schema\/logo\/image\/\"},\"sameAs\":[\"https:\/\/www.instagram.com\/neoedizioni\/\",\"https:\/\/www.pinterest.co.uk\/search\/pins\/?q=neoedizioni&amp;amp;amp;amp;amp;rs=filter\",\"https:\/\/www.facebook.com\/Neo-Edizioni-1018045348210923\/\",\"https:\/\/twitter.com\/neoedizioni\"]}]}<\/script>\n<!-- \/ Yoast SEO plugin. -->","yoast_head_json":{"title":"Guida alla vita laica - NEO. Edizioni","robots":{"index":"index","follow":"follow","max-snippet":"max-snippet:-1","max-image-preview":"max-image-preview:large","max-video-preview":"max-video-preview:-1"},"canonical":"https:\/\/www.neoedizioni.it\/neo\/prodotto\/guida-alla-vita-laica\/","og_locale":"it_IT","og_type":"article","og_title":"Guida alla vita laica - NEO. Edizioni","og_description":"Roberto Anzellotti  Una guida pratica al vivere laico, un manuale per muoversi e destreggiarsi tra i paradossi e le contraddizioni di uno stato che si dice laico ma che di fatto non \u00e8. L\u2019otto per mille, il divorzio, l\u2019aborto e le cellule staminali, il testamento biologico, lo sbattezzo e i matrimoni misti,","og_url":"https:\/\/www.neoedizioni.it\/neo\/prodotto\/guida-alla-vita-laica\/","og_site_name":"NEO. Edizioni","article_publisher":"https:\/\/www.facebook.com\/Neo-Edizioni-1018045348210923\/","article_modified_time":"2025-11-19T09:50:59+00:00","og_image":[{"width":661,"height":992,"url":"https:\/\/www.neoedizioni.it\/neo\/wp-content\/uploads\/2020\/06\/Guida-alla-vita-laica-Roberto-Anzellotti.jpg","type":"image\/jpeg"}],"twitter_card":"summary_large_image","twitter_site":"@neoedizioni","schema":{"@context":"https:\/\/schema.org","@graph":[{"@type":"WebPage","@id":"https:\/\/www.neoedizioni.it\/neo\/prodotto\/guida-alla-vita-laica\/","url":"https:\/\/www.neoedizioni.it\/neo\/prodotto\/guida-alla-vita-laica\/","name":"Guida alla vita laica - NEO. Edizioni","isPartOf":{"@id":"https:\/\/www.neoedizioni.it\/neo\/#website"},"datePublished":"2020-06-09T22:25:05+00:00","dateModified":"2025-11-19T09:50:59+00:00","breadcrumb":{"@id":"https:\/\/www.neoedizioni.it\/neo\/prodotto\/guida-alla-vita-laica\/#breadcrumb"},"inLanguage":"it-IT","potentialAction":[{"@type":"ReadAction","target":["https:\/\/www.neoedizioni.it\/neo\/prodotto\/guida-alla-vita-laica\/"]}]},{"@type":"BreadcrumbList","@id":"https:\/\/www.neoedizioni.it\/neo\/prodotto\/guida-alla-vita-laica\/#breadcrumb","itemListElement":[{"@type":"ListItem","position":1,"name":"Home","item":"https:\/\/www.neoedizioni.it\/neo\/"},{"@type":"ListItem","position":2,"name":"Libri","item":"https:\/\/www.neoedizioni.it\/neo\/libri\/"},{"@type":"ListItem","position":3,"name":"Guida alla vita laica"}]},{"@type":"WebSite","@id":"https:\/\/www.neoedizioni.it\/neo\/#website","url":"https:\/\/www.neoedizioni.it\/neo\/","name":"NEO. Edizioni","description":"PER LETTORI PIONIERI","publisher":{"@id":"https:\/\/www.neoedizioni.it\/neo\/#organization"},"potentialAction":[{"@type":"SearchAction","target":{"@type":"EntryPoint","urlTemplate":"https:\/\/www.neoedizioni.it\/neo\/?s={search_term_string}"},"query-input":"required name=search_term_string"}],"inLanguage":"it-IT"},{"@type":"Organization","@id":"https:\/\/www.neoedizioni.it\/neo\/#organization","name":"Neo Edizioni","url":"https:\/\/www.neoedizioni.it\/neo\/","logo":{"@type":"ImageObject","inLanguage":"it-IT","@id":"https:\/\/www.neoedizioni.it\/neo\/#\/schema\/logo\/image\/","url":"https:\/\/www.neoedizioni.it\/neo\/wp-content\/uploads\/2020\/06\/Logo-Neo-Edizioni-Nero_small-1.png","contentUrl":"https:\/\/www.neoedizioni.it\/neo\/wp-content\/uploads\/2020\/06\/Logo-Neo-Edizioni-Nero_small-1.png","width":107,"height":50,"caption":"Neo Edizioni"},"image":{"@id":"https:\/\/www.neoedizioni.it\/neo\/#\/schema\/logo\/image\/"},"sameAs":["https:\/\/www.instagram.com\/neoedizioni\/","https:\/\/www.pinterest.co.uk\/search\/pins\/?q=neoedizioni&amp;amp;amp;amp;amp;rs=filter","https:\/\/www.facebook.com\/Neo-Edizioni-1018045348210923\/","https:\/\/twitter.com\/neoedizioni"]}]}},"_links":{"self":[{"href":"https:\/\/www.neoedizioni.it\/neo\/wp-json\/wp\/v2\/product\/12692"}],"collection":[{"href":"https:\/\/www.neoedizioni.it\/neo\/wp-json\/wp\/v2\/product"}],"about":[{"href":"https:\/\/www.neoedizioni.it\/neo\/wp-json\/wp\/v2\/types\/product"}],"replies":[{"embeddable":true,"href":"https:\/\/www.neoedizioni.it\/neo\/wp-json\/wp\/v2\/comments?post=12692"}],"wp:featuredmedia":[{"embeddable":true,"href":"https:\/\/www.neoedizioni.it\/neo\/wp-json\/wp\/v2\/media\/12417"}],"wp:attachment":[{"href":"https:\/\/www.neoedizioni.it\/neo\/wp-json\/wp\/v2\/media?parent=12692"}],"wp:term":[{"taxonomy":"product_cat","embeddable":true,"href":"https:\/\/www.neoedizioni.it\/neo\/wp-json\/wp\/v2\/product_cat?post=12692"},{"taxonomy":"product_tag","embeddable":true,"href":"https:\/\/www.neoedizioni.it\/neo\/wp-json\/wp\/v2\/product_tag?post=12692"}],"curies":[{"name":"wp","href":"https:\/\/api.w.org\/{rel}","templated":true}]}}