{"id":12640,"date":"2020-06-10T00:12:58","date_gmt":"2020-06-09T22:12:58","guid":{"rendered":"http:\/\/www.neoedizioni.it\/nuovosito\/?post_type=product&#038;p=12640"},"modified":"2025-11-19T11:53:45","modified_gmt":"2025-11-19T09:53:45","slug":"le-13-cose","status":"publish","type":"product","link":"https:\/\/www.neoedizioni.it\/neo\/prodotto\/le-13-cose\/","title":{"rendered":"Le 13 cose"},"content":{"rendered":"","protected":false},"excerpt":{"rendered":"<p><strong>Alessandro Turati<\/strong><\/p>\n<p class=\"p1\" style=\"text-align: left;\">13 sono le cose da fare. Le ha segnate Emilie su un foglio di carta otto anni fa. Da allora, Alessio lo tiene sempre in tasca. Ogni tanto lo apre e lo legge come fosse un rituale, un esercizio da fare per sopportare un\u2019assenza. Si dice che il problema sia di chi resta, non di chi se ne va.<br \/>\n<span><a onclick=\"read_toggle(99544422, 'Leggi di pi\u00f9', 'Leggi di meno'); return false;\" class=\"read-link\" id=\"readlink99544422\" style=\"readlink\" href=\"#\">Leggi di pi\u00f9<\/a><\/span>\n<div class=\"read_div\" id=\"read99544422\" style=\"display: none;\"><\/p>\n<p>Emilie se n\u2019\u00e8 andata, portata via da un cancro. Alessio le \u00e8 sopravvissuto. Sono passati otto anni ed \u00e8 ora che tutto ha inizio.\u00a0<em><span class=\"s1\">Le 13 cose <\/span><\/em>ci afferra dalle prime righe e ci trascina in un piccolo paese di provincia che pare evacuato, sempre pronto a riversarsi in un al di l\u00e0 parallelo simile a un campo sfollati. Alessio Valentino, protagonista suo malgrado, lega la propria vita ad assurdi vicini di casa e a personaggi improbabili. Figure sghembe e grottesche che innescano intrecci e situazioni inneggianti alla vita pi\u00f9 stramba. Il suo mondo sembra uno sgangherato e divertente luna park, di quelli che stanno alle periferie dell\u2019esistenza, dove la pena e la catarsi si tengono abbracciati, come amanti su un ottovolante per cui non hanno pagato il biglietto.<\/p>\n<p><img decoding=\"async\" loading=\"lazy\" class=\"alignnone wp-image-12330\" src=\"https:\/\/www.neoedizioni.it\/neo\/wp-content\/uploads\/2020\/06\/Logo_collana_Iena.png\" alt=\"\" width=\"50\" height=\"50\" srcset=\"https:\/\/www.neoedizioni.it\/neo\/wp-content\/uploads\/2020\/06\/Logo_collana_Iena.png 60w, https:\/\/www.neoedizioni.it\/neo\/wp-content\/uploads\/2020\/06\/Logo_collana_Iena-50x50.png 50w\" sizes=\"(max-width: 50px) 100vw, 50px\" \/>collana <strong>IENA<\/strong><\/p>\n<h6>Pagine: 112<br \/>\nFormato: 14 x 20<br \/>\nCopertina flessibile<br \/>\nPrima edizione: febbraio 2012<br \/>\nISBN: 978-88-96176-09-2<\/h6>\n<p><\/div><\/p>\n","protected":false},"featured_media":12429,"comment_status":"closed","ping_status":"closed","template":"","meta":[],"product_cat":[2017,2014,2003,2007],"product_tag":[],"yoast_head":"<!-- This site is optimized with the Yoast SEO plugin v19.10 - https:\/\/yoast.com\/wordpress\/plugins\/seo\/ -->\n<title>Le 13 cose - NEO. Edizioni<\/title>\n<meta name=\"robots\" content=\"index, follow, max-snippet:-1, max-image-preview:large, max-video-preview:-1\" \/>\n<link rel=\"canonical\" href=\"https:\/\/www.neoedizioni.it\/neo\/prodotto\/le-13-cose\/\" \/>\n<meta property=\"og:locale\" content=\"it_IT\" \/>\n<meta property=\"og:type\" content=\"article\" \/>\n<meta property=\"og:title\" content=\"Le 13 cose - NEO. Edizioni\" \/>\n<meta property=\"og:description\" content=\"Alessandro Turati 13 sono le cose da fare. Le ha segnate Emilie su un foglio di carta otto anni fa. Da allora, Alessio lo tiene sempre in tasca. Ogni tanto lo apre e lo legge come fosse un rituale, un esercizio da fare per sopportare un\u2019assenza. Si dice che il problema sia di chi resta, non di chi se ne va.\" \/>\n<meta property=\"og:url\" content=\"https:\/\/www.neoedizioni.it\/neo\/prodotto\/le-13-cose\/\" \/>\n<meta property=\"og:site_name\" content=\"NEO. Edizioni\" \/>\n<meta property=\"article:publisher\" content=\"https:\/\/www.facebook.com\/Neo-Edizioni-1018045348210923\/\" \/>\n<meta property=\"article:modified_time\" content=\"2025-11-19T09:53:45+00:00\" \/>\n<meta property=\"og:image\" content=\"https:\/\/www.neoedizioni.it\/neo\/wp-content\/uploads\/2020\/06\/Le-13-cose-Alessandro-Turati.jpg\" \/>\n\t<meta property=\"og:image:width\" content=\"661\" \/>\n\t<meta property=\"og:image:height\" content=\"992\" \/>\n\t<meta property=\"og:image:type\" content=\"image\/jpeg\" \/>\n<meta name=\"twitter:card\" content=\"summary_large_image\" \/>\n<meta name=\"twitter:site\" content=\"@neoedizioni\" \/>\n<script type=\"application\/ld+json\" class=\"yoast-schema-graph\">{\"@context\":\"https:\/\/schema.org\",\"@graph\":[{\"@type\":\"WebPage\",\"@id\":\"https:\/\/www.neoedizioni.it\/neo\/prodotto\/le-13-cose\/\",\"url\":\"https:\/\/www.neoedizioni.it\/neo\/prodotto\/le-13-cose\/\",\"name\":\"Le 13 cose - NEO. Edizioni\",\"isPartOf\":{\"@id\":\"https:\/\/www.neoedizioni.it\/neo\/#website\"},\"datePublished\":\"2020-06-09T22:12:58+00:00\",\"dateModified\":\"2025-11-19T09:53:45+00:00\",\"breadcrumb\":{\"@id\":\"https:\/\/www.neoedizioni.it\/neo\/prodotto\/le-13-cose\/#breadcrumb\"},\"inLanguage\":\"it-IT\",\"potentialAction\":[{\"@type\":\"ReadAction\",\"target\":[\"https:\/\/www.neoedizioni.it\/neo\/prodotto\/le-13-cose\/\"]}]},{\"@type\":\"BreadcrumbList\",\"@id\":\"https:\/\/www.neoedizioni.it\/neo\/prodotto\/le-13-cose\/#breadcrumb\",\"itemListElement\":[{\"@type\":\"ListItem\",\"position\":1,\"name\":\"Home\",\"item\":\"https:\/\/www.neoedizioni.it\/neo\/\"},{\"@type\":\"ListItem\",\"position\":2,\"name\":\"Libri\",\"item\":\"https:\/\/www.neoedizioni.it\/neo\/libri\/\"},{\"@type\":\"ListItem\",\"position\":3,\"name\":\"Le 13 cose\"}]},{\"@type\":\"WebSite\",\"@id\":\"https:\/\/www.neoedizioni.it\/neo\/#website\",\"url\":\"https:\/\/www.neoedizioni.it\/neo\/\",\"name\":\"NEO. Edizioni\",\"description\":\"PER LETTORI PIONIERI\",\"publisher\":{\"@id\":\"https:\/\/www.neoedizioni.it\/neo\/#organization\"},\"potentialAction\":[{\"@type\":\"SearchAction\",\"target\":{\"@type\":\"EntryPoint\",\"urlTemplate\":\"https:\/\/www.neoedizioni.it\/neo\/?s={search_term_string}\"},\"query-input\":\"required name=search_term_string\"}],\"inLanguage\":\"it-IT\"},{\"@type\":\"Organization\",\"@id\":\"https:\/\/www.neoedizioni.it\/neo\/#organization\",\"name\":\"Neo Edizioni\",\"url\":\"https:\/\/www.neoedizioni.it\/neo\/\",\"logo\":{\"@type\":\"ImageObject\",\"inLanguage\":\"it-IT\",\"@id\":\"https:\/\/www.neoedizioni.it\/neo\/#\/schema\/logo\/image\/\",\"url\":\"https:\/\/www.neoedizioni.it\/neo\/wp-content\/uploads\/2020\/06\/Logo-Neo-Edizioni-Nero_small-1.png\",\"contentUrl\":\"https:\/\/www.neoedizioni.it\/neo\/wp-content\/uploads\/2020\/06\/Logo-Neo-Edizioni-Nero_small-1.png\",\"width\":107,\"height\":50,\"caption\":\"Neo Edizioni\"},\"image\":{\"@id\":\"https:\/\/www.neoedizioni.it\/neo\/#\/schema\/logo\/image\/\"},\"sameAs\":[\"https:\/\/www.instagram.com\/neoedizioni\/\",\"https:\/\/www.pinterest.co.uk\/search\/pins\/?q=neoedizioni&amp;amp;amp;amp;amp;rs=filter\",\"https:\/\/www.facebook.com\/Neo-Edizioni-1018045348210923\/\",\"https:\/\/twitter.com\/neoedizioni\"]}]}<\/script>\n<!-- \/ Yoast SEO plugin. -->","yoast_head_json":{"title":"Le 13 cose - NEO. Edizioni","robots":{"index":"index","follow":"follow","max-snippet":"max-snippet:-1","max-image-preview":"max-image-preview:large","max-video-preview":"max-video-preview:-1"},"canonical":"https:\/\/www.neoedizioni.it\/neo\/prodotto\/le-13-cose\/","og_locale":"it_IT","og_type":"article","og_title":"Le 13 cose - NEO. Edizioni","og_description":"Alessandro Turati 13 sono le cose da fare. Le ha segnate Emilie su un foglio di carta otto anni fa. Da allora, Alessio lo tiene sempre in tasca. Ogni tanto lo apre e lo legge come fosse un rituale, un esercizio da fare per sopportare un\u2019assenza. Si dice che il problema sia di chi resta, non di chi se ne va.","og_url":"https:\/\/www.neoedizioni.it\/neo\/prodotto\/le-13-cose\/","og_site_name":"NEO. Edizioni","article_publisher":"https:\/\/www.facebook.com\/Neo-Edizioni-1018045348210923\/","article_modified_time":"2025-11-19T09:53:45+00:00","og_image":[{"width":661,"height":992,"url":"https:\/\/www.neoedizioni.it\/neo\/wp-content\/uploads\/2020\/06\/Le-13-cose-Alessandro-Turati.jpg","type":"image\/jpeg"}],"twitter_card":"summary_large_image","twitter_site":"@neoedizioni","schema":{"@context":"https:\/\/schema.org","@graph":[{"@type":"WebPage","@id":"https:\/\/www.neoedizioni.it\/neo\/prodotto\/le-13-cose\/","url":"https:\/\/www.neoedizioni.it\/neo\/prodotto\/le-13-cose\/","name":"Le 13 cose - NEO. Edizioni","isPartOf":{"@id":"https:\/\/www.neoedizioni.it\/neo\/#website"},"datePublished":"2020-06-09T22:12:58+00:00","dateModified":"2025-11-19T09:53:45+00:00","breadcrumb":{"@id":"https:\/\/www.neoedizioni.it\/neo\/prodotto\/le-13-cose\/#breadcrumb"},"inLanguage":"it-IT","potentialAction":[{"@type":"ReadAction","target":["https:\/\/www.neoedizioni.it\/neo\/prodotto\/le-13-cose\/"]}]},{"@type":"BreadcrumbList","@id":"https:\/\/www.neoedizioni.it\/neo\/prodotto\/le-13-cose\/#breadcrumb","itemListElement":[{"@type":"ListItem","position":1,"name":"Home","item":"https:\/\/www.neoedizioni.it\/neo\/"},{"@type":"ListItem","position":2,"name":"Libri","item":"https:\/\/www.neoedizioni.it\/neo\/libri\/"},{"@type":"ListItem","position":3,"name":"Le 13 cose"}]},{"@type":"WebSite","@id":"https:\/\/www.neoedizioni.it\/neo\/#website","url":"https:\/\/www.neoedizioni.it\/neo\/","name":"NEO. Edizioni","description":"PER LETTORI PIONIERI","publisher":{"@id":"https:\/\/www.neoedizioni.it\/neo\/#organization"},"potentialAction":[{"@type":"SearchAction","target":{"@type":"EntryPoint","urlTemplate":"https:\/\/www.neoedizioni.it\/neo\/?s={search_term_string}"},"query-input":"required name=search_term_string"}],"inLanguage":"it-IT"},{"@type":"Organization","@id":"https:\/\/www.neoedizioni.it\/neo\/#organization","name":"Neo Edizioni","url":"https:\/\/www.neoedizioni.it\/neo\/","logo":{"@type":"ImageObject","inLanguage":"it-IT","@id":"https:\/\/www.neoedizioni.it\/neo\/#\/schema\/logo\/image\/","url":"https:\/\/www.neoedizioni.it\/neo\/wp-content\/uploads\/2020\/06\/Logo-Neo-Edizioni-Nero_small-1.png","contentUrl":"https:\/\/www.neoedizioni.it\/neo\/wp-content\/uploads\/2020\/06\/Logo-Neo-Edizioni-Nero_small-1.png","width":107,"height":50,"caption":"Neo Edizioni"},"image":{"@id":"https:\/\/www.neoedizioni.it\/neo\/#\/schema\/logo\/image\/"},"sameAs":["https:\/\/www.instagram.com\/neoedizioni\/","https:\/\/www.pinterest.co.uk\/search\/pins\/?q=neoedizioni&amp;amp;amp;amp;amp;rs=filter","https:\/\/www.facebook.com\/Neo-Edizioni-1018045348210923\/","https:\/\/twitter.com\/neoedizioni"]}]}},"_links":{"self":[{"href":"https:\/\/www.neoedizioni.it\/neo\/wp-json\/wp\/v2\/product\/12640"}],"collection":[{"href":"https:\/\/www.neoedizioni.it\/neo\/wp-json\/wp\/v2\/product"}],"about":[{"href":"https:\/\/www.neoedizioni.it\/neo\/wp-json\/wp\/v2\/types\/product"}],"replies":[{"embeddable":true,"href":"https:\/\/www.neoedizioni.it\/neo\/wp-json\/wp\/v2\/comments?post=12640"}],"wp:featuredmedia":[{"embeddable":true,"href":"https:\/\/www.neoedizioni.it\/neo\/wp-json\/wp\/v2\/media\/12429"}],"wp:attachment":[{"href":"https:\/\/www.neoedizioni.it\/neo\/wp-json\/wp\/v2\/media?parent=12640"}],"wp:term":[{"taxonomy":"product_cat","embeddable":true,"href":"https:\/\/www.neoedizioni.it\/neo\/wp-json\/wp\/v2\/product_cat?post=12640"},{"taxonomy":"product_tag","embeddable":true,"href":"https:\/\/www.neoedizioni.it\/neo\/wp-json\/wp\/v2\/product_tag?post=12640"}],"curies":[{"name":"wp","href":"https:\/\/api.w.org\/{rel}","templated":true}]}}