{"id":12586,"date":"2020-06-10T00:10:40","date_gmt":"2020-06-09T22:10:40","guid":{"rendered":"http:\/\/www.neoedizioni.it\/nuovosito\/?post_type=product&#038;p=12586"},"modified":"2025-11-19T11:54:17","modified_gmt":"2025-11-19T09:54:17","slug":"poesie-antirughe","status":"publish","type":"product","link":"https:\/\/www.neoedizioni.it\/neo\/prodotto\/poesie-antirughe\/","title":{"rendered":"Poesie antirughe"},"content":{"rendered":"","protected":false},"excerpt":{"rendered":"<p><strong>Alessandra Racca<\/strong><\/p>\n<p style=\"text-align: left;\">&#8220;Le rughe dovrebbero semplicemente indicare il posto dove erano i sorrisi&#8221; (Mark Twain)<\/p>\n<p>Sorridere \u00e8 ridere senza far rumore. Un esercizio del viso e dello spirito, minimo e, in entrambi i casi, salutare e cosmetico.<br \/>\nSorridere di giorni inventati; di amori che, come cani, riportano piccioni raccolti per strada; di calzini appaiati, smarriti se lasciati da soli; di abiti che se interrogati, rispondono; di una nonna che fa la rana e di una vagina che si d\u00e0 nomi.<br \/>\n<span><a onclick=\"read_toggle(1761701570, 'Leggi di pi\u00f9', 'Leggi di meno'); return false;\" class=\"read-link\" id=\"readlink1761701570\" style=\"readlink\" href=\"#\">Leggi di pi\u00f9<\/a><\/span>\n<div class=\"read_div\" id=\"read1761701570\" style=\"display: none;\"><\/p>\n<p>Farlo sull\u2019amore, che nasce e che muore; sulla parola <em>futuro<\/em> cos\u00ec difficile da sistemare nelle nostre vite; sulla fine del mondo che improvvisamente senti e poi tutto torna come prima.<br \/>\nSe \u00e8 vero che le parole vestono il mondo, sta a noi scegliere quelle che vogliamo. Oppure, prenderle in prestito da questo libro, dove il mondo appare diverso: scanzonato, divertito, leggero, pop. Un mondo oltre le righe, in cui il buio \u00e8 meno scuro e la luce \u00e8 accogliente. Un mondo con meno rughe che, a ben vedere, \u00e8 lo stesso che abitiamo.<br \/>\nVersi liberi e guizzanti, quelli di Alessandra Racca, che fanno compagnia come le piccole verit\u00e0.<\/p>\n<p><img decoding=\"async\" loading=\"lazy\" class=\"alignnone wp-image-12331\" src=\"https:\/\/www.neoedizioni.it\/neo\/wp-content\/uploads\/2020\/06\/Logo_collana_Intimate.png\" alt=\"\" width=\"50\" height=\"50\" srcset=\"https:\/\/www.neoedizioni.it\/neo\/wp-content\/uploads\/2020\/06\/Logo_collana_Intimate.png 60w, https:\/\/www.neoedizioni.it\/neo\/wp-content\/uploads\/2020\/06\/Logo_collana_Intimate-50x50.png 50w\" sizes=\"(max-width: 50px) 100vw, 50px\" \/>collana <strong>INTIMATE<\/strong><\/p>\n<h6>Pagine: 132<br \/>\nFormato: 12,5 x 18<br \/>\nCopertina flessibile<br \/>\nPrima edizione: ottobre 2011<br \/>\nISBN: 978-88-96176-08-5<br \/>\n<\/div><\/h6>\n","protected":false},"featured_media":12436,"comment_status":"closed","ping_status":"closed","template":"","meta":[],"product_cat":[2016,2014,2003,2008],"product_tag":[],"yoast_head":"<!-- This site is optimized with the Yoast SEO plugin v19.10 - https:\/\/yoast.com\/wordpress\/plugins\/seo\/ -->\n<title>Poesie antirughe - NEO. Edizioni<\/title>\n<meta name=\"robots\" content=\"index, follow, max-snippet:-1, max-image-preview:large, max-video-preview:-1\" \/>\n<link rel=\"canonical\" href=\"https:\/\/www.neoedizioni.it\/neo\/prodotto\/poesie-antirughe\/\" \/>\n<meta property=\"og:locale\" content=\"it_IT\" \/>\n<meta property=\"og:type\" content=\"article\" \/>\n<meta property=\"og:title\" content=\"Poesie antirughe - NEO. Edizioni\" \/>\n<meta property=\"og:description\" content=\"Alessandra Racca &quot;Le rughe dovrebbero semplicemente indicare il posto dove erano i sorrisi&quot; (Mark Twain) Sorridere \u00e8 ridere senza far rumore. Un esercizio del viso e dello spirito, minimo e, in entrambi i casi, salutare e cosmetico. Sorridere di giorni inventati; di amori che, come cani, riportano piccioni raccolti per strada; di calzini appaiati, smarriti se lasciati da soli; di abiti che se interrogati, rispondono; di una nonna che fa la rana e di una vagina che si d\u00e0 nomi.\" \/>\n<meta property=\"og:url\" content=\"https:\/\/www.neoedizioni.it\/neo\/prodotto\/poesie-antirughe\/\" \/>\n<meta property=\"og:site_name\" content=\"NEO. Edizioni\" \/>\n<meta property=\"article:publisher\" content=\"https:\/\/www.facebook.com\/Neo-Edizioni-1018045348210923\/\" \/>\n<meta property=\"article:modified_time\" content=\"2025-11-19T09:54:17+00:00\" \/>\n<meta property=\"og:image\" content=\"https:\/\/www.neoedizioni.it\/neo\/wp-content\/uploads\/2020\/06\/Poesie-antirughe-Alessandra-Racca.jpg\" \/>\n\t<meta property=\"og:image:width\" content=\"661\" \/>\n\t<meta property=\"og:image:height\" content=\"992\" \/>\n\t<meta property=\"og:image:type\" content=\"image\/jpeg\" \/>\n<meta name=\"twitter:card\" content=\"summary_large_image\" \/>\n<meta name=\"twitter:site\" content=\"@neoedizioni\" \/>\n<script type=\"application\/ld+json\" class=\"yoast-schema-graph\">{\"@context\":\"https:\/\/schema.org\",\"@graph\":[{\"@type\":\"WebPage\",\"@id\":\"https:\/\/www.neoedizioni.it\/neo\/prodotto\/poesie-antirughe\/\",\"url\":\"https:\/\/www.neoedizioni.it\/neo\/prodotto\/poesie-antirughe\/\",\"name\":\"Poesie antirughe - NEO. Edizioni\",\"isPartOf\":{\"@id\":\"https:\/\/www.neoedizioni.it\/neo\/#website\"},\"datePublished\":\"2020-06-09T22:10:40+00:00\",\"dateModified\":\"2025-11-19T09:54:17+00:00\",\"breadcrumb\":{\"@id\":\"https:\/\/www.neoedizioni.it\/neo\/prodotto\/poesie-antirughe\/#breadcrumb\"},\"inLanguage\":\"it-IT\",\"potentialAction\":[{\"@type\":\"ReadAction\",\"target\":[\"https:\/\/www.neoedizioni.it\/neo\/prodotto\/poesie-antirughe\/\"]}]},{\"@type\":\"BreadcrumbList\",\"@id\":\"https:\/\/www.neoedizioni.it\/neo\/prodotto\/poesie-antirughe\/#breadcrumb\",\"itemListElement\":[{\"@type\":\"ListItem\",\"position\":1,\"name\":\"Home\",\"item\":\"https:\/\/www.neoedizioni.it\/neo\/\"},{\"@type\":\"ListItem\",\"position\":2,\"name\":\"Libri\",\"item\":\"https:\/\/www.neoedizioni.it\/neo\/libri\/\"},{\"@type\":\"ListItem\",\"position\":3,\"name\":\"Poesie antirughe\"}]},{\"@type\":\"WebSite\",\"@id\":\"https:\/\/www.neoedizioni.it\/neo\/#website\",\"url\":\"https:\/\/www.neoedizioni.it\/neo\/\",\"name\":\"NEO. Edizioni\",\"description\":\"PER LETTORI PIONIERI\",\"publisher\":{\"@id\":\"https:\/\/www.neoedizioni.it\/neo\/#organization\"},\"potentialAction\":[{\"@type\":\"SearchAction\",\"target\":{\"@type\":\"EntryPoint\",\"urlTemplate\":\"https:\/\/www.neoedizioni.it\/neo\/?s={search_term_string}\"},\"query-input\":\"required name=search_term_string\"}],\"inLanguage\":\"it-IT\"},{\"@type\":\"Organization\",\"@id\":\"https:\/\/www.neoedizioni.it\/neo\/#organization\",\"name\":\"Neo Edizioni\",\"url\":\"https:\/\/www.neoedizioni.it\/neo\/\",\"logo\":{\"@type\":\"ImageObject\",\"inLanguage\":\"it-IT\",\"@id\":\"https:\/\/www.neoedizioni.it\/neo\/#\/schema\/logo\/image\/\",\"url\":\"https:\/\/www.neoedizioni.it\/neo\/wp-content\/uploads\/2020\/06\/Logo-Neo-Edizioni-Nero_small-1.png\",\"contentUrl\":\"https:\/\/www.neoedizioni.it\/neo\/wp-content\/uploads\/2020\/06\/Logo-Neo-Edizioni-Nero_small-1.png\",\"width\":107,\"height\":50,\"caption\":\"Neo Edizioni\"},\"image\":{\"@id\":\"https:\/\/www.neoedizioni.it\/neo\/#\/schema\/logo\/image\/\"},\"sameAs\":[\"https:\/\/www.instagram.com\/neoedizioni\/\",\"https:\/\/www.pinterest.co.uk\/search\/pins\/?q=neoedizioni&amp;amp;amp;amp;amp;rs=filter\",\"https:\/\/www.facebook.com\/Neo-Edizioni-1018045348210923\/\",\"https:\/\/twitter.com\/neoedizioni\"]}]}<\/script>\n<!-- \/ Yoast SEO plugin. -->","yoast_head_json":{"title":"Poesie antirughe - NEO. Edizioni","robots":{"index":"index","follow":"follow","max-snippet":"max-snippet:-1","max-image-preview":"max-image-preview:large","max-video-preview":"max-video-preview:-1"},"canonical":"https:\/\/www.neoedizioni.it\/neo\/prodotto\/poesie-antirughe\/","og_locale":"it_IT","og_type":"article","og_title":"Poesie antirughe - NEO. Edizioni","og_description":"Alessandra Racca \"Le rughe dovrebbero semplicemente indicare il posto dove erano i sorrisi\" (Mark Twain) Sorridere \u00e8 ridere senza far rumore. Un esercizio del viso e dello spirito, minimo e, in entrambi i casi, salutare e cosmetico. Sorridere di giorni inventati; di amori che, come cani, riportano piccioni raccolti per strada; di calzini appaiati, smarriti se lasciati da soli; di abiti che se interrogati, rispondono; di una nonna che fa la rana e di una vagina che si d\u00e0 nomi.","og_url":"https:\/\/www.neoedizioni.it\/neo\/prodotto\/poesie-antirughe\/","og_site_name":"NEO. Edizioni","article_publisher":"https:\/\/www.facebook.com\/Neo-Edizioni-1018045348210923\/","article_modified_time":"2025-11-19T09:54:17+00:00","og_image":[{"width":661,"height":992,"url":"https:\/\/www.neoedizioni.it\/neo\/wp-content\/uploads\/2020\/06\/Poesie-antirughe-Alessandra-Racca.jpg","type":"image\/jpeg"}],"twitter_card":"summary_large_image","twitter_site":"@neoedizioni","schema":{"@context":"https:\/\/schema.org","@graph":[{"@type":"WebPage","@id":"https:\/\/www.neoedizioni.it\/neo\/prodotto\/poesie-antirughe\/","url":"https:\/\/www.neoedizioni.it\/neo\/prodotto\/poesie-antirughe\/","name":"Poesie antirughe - NEO. Edizioni","isPartOf":{"@id":"https:\/\/www.neoedizioni.it\/neo\/#website"},"datePublished":"2020-06-09T22:10:40+00:00","dateModified":"2025-11-19T09:54:17+00:00","breadcrumb":{"@id":"https:\/\/www.neoedizioni.it\/neo\/prodotto\/poesie-antirughe\/#breadcrumb"},"inLanguage":"it-IT","potentialAction":[{"@type":"ReadAction","target":["https:\/\/www.neoedizioni.it\/neo\/prodotto\/poesie-antirughe\/"]}]},{"@type":"BreadcrumbList","@id":"https:\/\/www.neoedizioni.it\/neo\/prodotto\/poesie-antirughe\/#breadcrumb","itemListElement":[{"@type":"ListItem","position":1,"name":"Home","item":"https:\/\/www.neoedizioni.it\/neo\/"},{"@type":"ListItem","position":2,"name":"Libri","item":"https:\/\/www.neoedizioni.it\/neo\/libri\/"},{"@type":"ListItem","position":3,"name":"Poesie antirughe"}]},{"@type":"WebSite","@id":"https:\/\/www.neoedizioni.it\/neo\/#website","url":"https:\/\/www.neoedizioni.it\/neo\/","name":"NEO. Edizioni","description":"PER LETTORI PIONIERI","publisher":{"@id":"https:\/\/www.neoedizioni.it\/neo\/#organization"},"potentialAction":[{"@type":"SearchAction","target":{"@type":"EntryPoint","urlTemplate":"https:\/\/www.neoedizioni.it\/neo\/?s={search_term_string}"},"query-input":"required name=search_term_string"}],"inLanguage":"it-IT"},{"@type":"Organization","@id":"https:\/\/www.neoedizioni.it\/neo\/#organization","name":"Neo Edizioni","url":"https:\/\/www.neoedizioni.it\/neo\/","logo":{"@type":"ImageObject","inLanguage":"it-IT","@id":"https:\/\/www.neoedizioni.it\/neo\/#\/schema\/logo\/image\/","url":"https:\/\/www.neoedizioni.it\/neo\/wp-content\/uploads\/2020\/06\/Logo-Neo-Edizioni-Nero_small-1.png","contentUrl":"https:\/\/www.neoedizioni.it\/neo\/wp-content\/uploads\/2020\/06\/Logo-Neo-Edizioni-Nero_small-1.png","width":107,"height":50,"caption":"Neo Edizioni"},"image":{"@id":"https:\/\/www.neoedizioni.it\/neo\/#\/schema\/logo\/image\/"},"sameAs":["https:\/\/www.instagram.com\/neoedizioni\/","https:\/\/www.pinterest.co.uk\/search\/pins\/?q=neoedizioni&amp;amp;amp;amp;amp;rs=filter","https:\/\/www.facebook.com\/Neo-Edizioni-1018045348210923\/","https:\/\/twitter.com\/neoedizioni"]}]}},"_links":{"self":[{"href":"https:\/\/www.neoedizioni.it\/neo\/wp-json\/wp\/v2\/product\/12586"}],"collection":[{"href":"https:\/\/www.neoedizioni.it\/neo\/wp-json\/wp\/v2\/product"}],"about":[{"href":"https:\/\/www.neoedizioni.it\/neo\/wp-json\/wp\/v2\/types\/product"}],"replies":[{"embeddable":true,"href":"https:\/\/www.neoedizioni.it\/neo\/wp-json\/wp\/v2\/comments?post=12586"}],"wp:featuredmedia":[{"embeddable":true,"href":"https:\/\/www.neoedizioni.it\/neo\/wp-json\/wp\/v2\/media\/12436"}],"wp:attachment":[{"href":"https:\/\/www.neoedizioni.it\/neo\/wp-json\/wp\/v2\/media?parent=12586"}],"wp:term":[{"taxonomy":"product_cat","embeddable":true,"href":"https:\/\/www.neoedizioni.it\/neo\/wp-json\/wp\/v2\/product_cat?post=12586"},{"taxonomy":"product_tag","embeddable":true,"href":"https:\/\/www.neoedizioni.it\/neo\/wp-json\/wp\/v2\/product_tag?post=12586"}],"curies":[{"name":"wp","href":"https:\/\/api.w.org\/{rel}","templated":true}]}}