{"id":12568,"date":"2020-06-16T11:52:23","date_gmt":"2020-06-16T09:52:23","guid":{"rendered":"http:\/\/www.neoedizioni.it\/nuovosito\/?page_id=12568"},"modified":"2020-06-18T14:24:36","modified_gmt":"2020-06-18T12:24:36","slug":"pep-marchegiani","status":"publish","type":"page","link":"https:\/\/www.neoedizioni.it\/neo\/autori\/pep-marchegiani\/","title":{"rendered":"Pep Marchegiani"},"content":{"rendered":"<p>[vc_row][vc_column width=&#8221;1\/2&#8243;][vc_row_inner][vc_column_inner][vc_single_image image=&#8221;12321&#8243; img_size=&#8221;full&#8221; alignment=&#8221;center&#8221;][\/vc_column_inner][\/vc_row_inner][\/vc_column][vc_column width=&#8221;1\/2&#8243; el_class=&#8221;sidebar-left-border&#8221;][vc_column_text]<strong>Pep Marchegiani<\/strong>,\u00a0classe 1971, \u00e8 considerato tra i maggiori esponenti della Pop Art internazionale. Arte coloratissima la sua, ma anche fortemente critica, ironica, caustica, capace di uscire dal campo strettamente artistico per trovare approdo nella moda, nel design e nella comunicazione: il suo brand \u00e8 prodotto in licenza da diverse aziende. \u00e8 stato ed \u00e8 protagonista di mostre personali nei maggiori centri culturali. Ospite del Padiglione Italia alla Biennale D&#8217;Arte di Venezia 2012, ha fatto non poco scalpore la sua personale <em>Fu(ck)shion System <\/em>durante la Settimana della Moda di Milano. Il cuore della sua indagine e rappresentazione \u00e8 il quotidiano, l&#8217;istituzione, il potere, ora raccontati con divertimento, ora attaccati e ridicolizzati con una forza di sintesi di rara potenza in cui il messaggio visivo si fa democratico, POPolare, per tutti. Il suo profilo Facebook, che ad oggi conta circa 35.000 followers, testimonia la forza comunicativa e mediatica delle sue &#8220;invenzioni&#8221; grafiche, dei suoi attacchi &#8220;iconici&#8221;. Questo \u00e8 il primo libro che reca la sua firma.[\/vc_column_text][\/vc_column][\/vc_row][vc_row][vc_column][vc_basic_grid post_type=&#8221;product&#8221; max_items=&#8221;10&#8243; item=&#8221;12132&#8243; initial_loading_animation=&#8221;none&#8221; grid_id=&#8221;vc_gid:1592482706332-0455a47e-c4d5-3&#8243; taxonomies=&#8221;2036&#8243;][\/vc_column][\/vc_row]<\/p>\n","protected":false},"excerpt":{"rendered":"<p>[vc_row][vc_column width=&#8221;1\/2&#8243;][vc_row_inner][vc_column_inner][vc_single_image image=&#8221;12321&#8243; img_size=&#8221;full&#8221; alignment=&#8221;center&#8221;][\/vc_column_inner][\/vc_row_inner][\/vc_column][vc_column width=&#8221;1\/2&#8243; el_class=&#8221;sidebar-left-border&#8221;][vc_column_text]Pep Marchegiani,\u00a0classe 1971, \u00e8 considerato tra i maggiori esponenti della Pop Art internazionale. Arte coloratissima la sua, ma anche fortemente<span class=\"excerpt-hellip\"> [\u2026]<\/span><\/p>\n","protected":false},"author":1,"featured_media":0,"parent":12471,"menu_order":0,"comment_status":"closed","ping_status":"closed","template":"","meta":[],"yoast_head":"<!-- This site is optimized with the Yoast SEO plugin v19.10 - https:\/\/yoast.com\/wordpress\/plugins\/seo\/ -->\n<title>Pep Marchegiani - NEO. Edizioni<\/title>\n<meta name=\"robots\" content=\"index, follow, max-snippet:-1, max-image-preview:large, max-video-preview:-1\" \/>\n<link rel=\"canonical\" href=\"https:\/\/www.neoedizioni.it\/neo\/autori\/pep-marchegiani\/\" \/>\n<meta property=\"og:locale\" content=\"it_IT\" \/>\n<meta property=\"og:type\" content=\"article\" \/>\n<meta property=\"og:title\" content=\"Pep Marchegiani - NEO. Edizioni\" \/>\n<meta property=\"og:description\" content=\"[vc_row][vc_column width=&#8221;1\/2&#8243;][vc_row_inner][vc_column_inner][vc_single_image image=&#8221;12321&#8243; img_size=&#8221;full&#8221; alignment=&#8221;center&#8221;][\/vc_column_inner][\/vc_row_inner][\/vc_column][vc_column width=&#8221;1\/2&#8243; el_class=&#8221;sidebar-left-border&#8221;][vc_column_text]Pep Marchegiani,\u00a0classe 1971, \u00e8 considerato tra i maggiori esponenti della Pop Art internazionale. Arte coloratissima la sua, ma anche fortemente [\u2026]\" \/>\n<meta property=\"og:url\" content=\"https:\/\/www.neoedizioni.it\/neo\/autori\/pep-marchegiani\/\" \/>\n<meta property=\"og:site_name\" content=\"NEO. Edizioni\" \/>\n<meta property=\"article:publisher\" content=\"https:\/\/www.facebook.com\/Neo-Edizioni-1018045348210923\/\" \/>\n<meta property=\"article:modified_time\" content=\"2020-06-18T12:24:36+00:00\" \/>\n<meta name=\"twitter:card\" content=\"summary_large_image\" \/>\n<meta name=\"twitter:site\" content=\"@neoedizioni\" \/>\n<meta name=\"twitter:label1\" content=\"Tempo di lettura stimato\" \/>\n\t<meta name=\"twitter:data1\" content=\"1 minuto\" \/>\n<script type=\"application\/ld+json\" class=\"yoast-schema-graph\">{\"@context\":\"https:\/\/schema.org\",\"@graph\":[{\"@type\":\"WebPage\",\"@id\":\"https:\/\/www.neoedizioni.it\/neo\/autori\/pep-marchegiani\/\",\"url\":\"https:\/\/www.neoedizioni.it\/neo\/autori\/pep-marchegiani\/\",\"name\":\"Pep Marchegiani - NEO. Edizioni\",\"isPartOf\":{\"@id\":\"https:\/\/www.neoedizioni.it\/neo\/#website\"},\"datePublished\":\"2020-06-16T09:52:23+00:00\",\"dateModified\":\"2020-06-18T12:24:36+00:00\",\"breadcrumb\":{\"@id\":\"https:\/\/www.neoedizioni.it\/neo\/autori\/pep-marchegiani\/#breadcrumb\"},\"inLanguage\":\"it-IT\",\"potentialAction\":[{\"@type\":\"ReadAction\",\"target\":[\"https:\/\/www.neoedizioni.it\/neo\/autori\/pep-marchegiani\/\"]}]},{\"@type\":\"BreadcrumbList\",\"@id\":\"https:\/\/www.neoedizioni.it\/neo\/autori\/pep-marchegiani\/#breadcrumb\",\"itemListElement\":[{\"@type\":\"ListItem\",\"position\":1,\"name\":\"Home\",\"item\":\"https:\/\/www.neoedizioni.it\/neo\/\"},{\"@type\":\"ListItem\",\"position\":2,\"name\":\"Autori\",\"item\":\"https:\/\/www.neoedizioni.it\/neo\/autori\/\"},{\"@type\":\"ListItem\",\"position\":3,\"name\":\"Pep Marchegiani\"}]},{\"@type\":\"WebSite\",\"@id\":\"https:\/\/www.neoedizioni.it\/neo\/#website\",\"url\":\"https:\/\/www.neoedizioni.it\/neo\/\",\"name\":\"NEO. Edizioni\",\"description\":\"PER LETTORI PIONIERI\",\"publisher\":{\"@id\":\"https:\/\/www.neoedizioni.it\/neo\/#organization\"},\"potentialAction\":[{\"@type\":\"SearchAction\",\"target\":{\"@type\":\"EntryPoint\",\"urlTemplate\":\"https:\/\/www.neoedizioni.it\/neo\/?s={search_term_string}\"},\"query-input\":\"required name=search_term_string\"}],\"inLanguage\":\"it-IT\"},{\"@type\":\"Organization\",\"@id\":\"https:\/\/www.neoedizioni.it\/neo\/#organization\",\"name\":\"Neo Edizioni\",\"url\":\"https:\/\/www.neoedizioni.it\/neo\/\",\"logo\":{\"@type\":\"ImageObject\",\"inLanguage\":\"it-IT\",\"@id\":\"https:\/\/www.neoedizioni.it\/neo\/#\/schema\/logo\/image\/\",\"url\":\"https:\/\/www.neoedizioni.it\/neo\/wp-content\/uploads\/2020\/06\/Logo-Neo-Edizioni-Nero_small-1.png\",\"contentUrl\":\"https:\/\/www.neoedizioni.it\/neo\/wp-content\/uploads\/2020\/06\/Logo-Neo-Edizioni-Nero_small-1.png\",\"width\":107,\"height\":50,\"caption\":\"Neo Edizioni\"},\"image\":{\"@id\":\"https:\/\/www.neoedizioni.it\/neo\/#\/schema\/logo\/image\/\"},\"sameAs\":[\"https:\/\/www.instagram.com\/neoedizioni\/\",\"https:\/\/www.pinterest.co.uk\/search\/pins\/?q=neoedizioni&amp;amp;amp;amp;amp;rs=filter\",\"https:\/\/www.facebook.com\/Neo-Edizioni-1018045348210923\/\",\"https:\/\/twitter.com\/neoedizioni\"]}]}<\/script>\n<!-- \/ Yoast SEO plugin. -->","yoast_head_json":{"title":"Pep Marchegiani - NEO. Edizioni","robots":{"index":"index","follow":"follow","max-snippet":"max-snippet:-1","max-image-preview":"max-image-preview:large","max-video-preview":"max-video-preview:-1"},"canonical":"https:\/\/www.neoedizioni.it\/neo\/autori\/pep-marchegiani\/","og_locale":"it_IT","og_type":"article","og_title":"Pep Marchegiani - NEO. Edizioni","og_description":"[vc_row][vc_column width=&#8221;1\/2&#8243;][vc_row_inner][vc_column_inner][vc_single_image image=&#8221;12321&#8243; img_size=&#8221;full&#8221; alignment=&#8221;center&#8221;][\/vc_column_inner][\/vc_row_inner][\/vc_column][vc_column width=&#8221;1\/2&#8243; el_class=&#8221;sidebar-left-border&#8221;][vc_column_text]Pep Marchegiani,\u00a0classe 1971, \u00e8 considerato tra i maggiori esponenti della Pop Art internazionale. Arte coloratissima la sua, ma anche fortemente [\u2026]","og_url":"https:\/\/www.neoedizioni.it\/neo\/autori\/pep-marchegiani\/","og_site_name":"NEO. Edizioni","article_publisher":"https:\/\/www.facebook.com\/Neo-Edizioni-1018045348210923\/","article_modified_time":"2020-06-18T12:24:36+00:00","twitter_card":"summary_large_image","twitter_site":"@neoedizioni","twitter_misc":{"Tempo di lettura stimato":"1 minuto"},"schema":{"@context":"https:\/\/schema.org","@graph":[{"@type":"WebPage","@id":"https:\/\/www.neoedizioni.it\/neo\/autori\/pep-marchegiani\/","url":"https:\/\/www.neoedizioni.it\/neo\/autori\/pep-marchegiani\/","name":"Pep Marchegiani - NEO. Edizioni","isPartOf":{"@id":"https:\/\/www.neoedizioni.it\/neo\/#website"},"datePublished":"2020-06-16T09:52:23+00:00","dateModified":"2020-06-18T12:24:36+00:00","breadcrumb":{"@id":"https:\/\/www.neoedizioni.it\/neo\/autori\/pep-marchegiani\/#breadcrumb"},"inLanguage":"it-IT","potentialAction":[{"@type":"ReadAction","target":["https:\/\/www.neoedizioni.it\/neo\/autori\/pep-marchegiani\/"]}]},{"@type":"BreadcrumbList","@id":"https:\/\/www.neoedizioni.it\/neo\/autori\/pep-marchegiani\/#breadcrumb","itemListElement":[{"@type":"ListItem","position":1,"name":"Home","item":"https:\/\/www.neoedizioni.it\/neo\/"},{"@type":"ListItem","position":2,"name":"Autori","item":"https:\/\/www.neoedizioni.it\/neo\/autori\/"},{"@type":"ListItem","position":3,"name":"Pep Marchegiani"}]},{"@type":"WebSite","@id":"https:\/\/www.neoedizioni.it\/neo\/#website","url":"https:\/\/www.neoedizioni.it\/neo\/","name":"NEO. Edizioni","description":"PER LETTORI PIONIERI","publisher":{"@id":"https:\/\/www.neoedizioni.it\/neo\/#organization"},"potentialAction":[{"@type":"SearchAction","target":{"@type":"EntryPoint","urlTemplate":"https:\/\/www.neoedizioni.it\/neo\/?s={search_term_string}"},"query-input":"required name=search_term_string"}],"inLanguage":"it-IT"},{"@type":"Organization","@id":"https:\/\/www.neoedizioni.it\/neo\/#organization","name":"Neo Edizioni","url":"https:\/\/www.neoedizioni.it\/neo\/","logo":{"@type":"ImageObject","inLanguage":"it-IT","@id":"https:\/\/www.neoedizioni.it\/neo\/#\/schema\/logo\/image\/","url":"https:\/\/www.neoedizioni.it\/neo\/wp-content\/uploads\/2020\/06\/Logo-Neo-Edizioni-Nero_small-1.png","contentUrl":"https:\/\/www.neoedizioni.it\/neo\/wp-content\/uploads\/2020\/06\/Logo-Neo-Edizioni-Nero_small-1.png","width":107,"height":50,"caption":"Neo Edizioni"},"image":{"@id":"https:\/\/www.neoedizioni.it\/neo\/#\/schema\/logo\/image\/"},"sameAs":["https:\/\/www.instagram.com\/neoedizioni\/","https:\/\/www.pinterest.co.uk\/search\/pins\/?q=neoedizioni&amp;amp;amp;amp;amp;rs=filter","https:\/\/www.facebook.com\/Neo-Edizioni-1018045348210923\/","https:\/\/twitter.com\/neoedizioni"]}]}},"_links":{"self":[{"href":"https:\/\/www.neoedizioni.it\/neo\/wp-json\/wp\/v2\/pages\/12568"}],"collection":[{"href":"https:\/\/www.neoedizioni.it\/neo\/wp-json\/wp\/v2\/pages"}],"about":[{"href":"https:\/\/www.neoedizioni.it\/neo\/wp-json\/wp\/v2\/types\/page"}],"author":[{"embeddable":true,"href":"https:\/\/www.neoedizioni.it\/neo\/wp-json\/wp\/v2\/users\/1"}],"replies":[{"embeddable":true,"href":"https:\/\/www.neoedizioni.it\/neo\/wp-json\/wp\/v2\/comments?post=12568"}],"version-history":[{"count":6,"href":"https:\/\/www.neoedizioni.it\/neo\/wp-json\/wp\/v2\/pages\/12568\/revisions"}],"predecessor-version":[{"id":12909,"href":"https:\/\/www.neoedizioni.it\/neo\/wp-json\/wp\/v2\/pages\/12568\/revisions\/12909"}],"up":[{"embeddable":true,"href":"https:\/\/www.neoedizioni.it\/neo\/wp-json\/wp\/v2\/pages\/12471"}],"wp:attachment":[{"href":"https:\/\/www.neoedizioni.it\/neo\/wp-json\/wp\/v2\/media?parent=12568"}],"curies":[{"name":"wp","href":"https:\/\/api.w.org\/{rel}","templated":true}]}}