{"id":12549,"date":"2020-06-16T11:44:51","date_gmt":"2020-06-16T09:44:51","guid":{"rendered":"http:\/\/www.neoedizioni.it\/nuovosito\/?page_id=12549"},"modified":"2021-01-25T18:12:28","modified_gmt":"2021-01-25T16:12:28","slug":"jean-baptiste-del-amo","status":"publish","type":"page","link":"https:\/\/www.neoedizioni.it\/neo\/autori\/jean-baptiste-del-amo\/","title":{"rendered":"Jean-Baptiste Del Amo"},"content":{"rendered":"<p>[vc_row][vc_column width=&#8221;1\/2&#8243;][vc_row_inner][vc_column_inner][vc_single_image image=&#8221;12313&#8243; img_size=&#8221;full&#8221; alignment=&#8221;center&#8221;][\/vc_column_inner][\/vc_row_inner][\/vc_column][vc_column width=&#8221;1\/2&#8243; el_class=&#8221;sidebar-left-border&#8221;][vc_column_text]<strong>Jean-Baptiste Del Amo<\/strong>\u00a0(al secolo Jean-Baptiste Garcia) \u00e8 nato a Tolosa nel 1981. \u00c8 stato paragonato a scrittori del calibro di \u00c9mile Zola, Honor\u00e9 de Balzac, Alexandre Dumas, Patrick S\u00fcskind e Gustave Flaubert. Con le sue opere, nel 2006, \u00e8 stato premiato come miglior \u201cGiovane scrittore\u201d di Francia; nel 2008 \u00e8 stato finalista del\u00a0<em>Premio Goncourt<\/em>\u00a0e del\u00a0<em>Prix M\u00e9dicis<\/em>, al vertice di importanza tra i riconoscimenti letterari francesi. Tutti i suoi libri in Francia sono pubblicati da Gallimard<em>.\u00a0<a href=\"https:\/\/www.neoedizioni.it\/neo\/prodotto\/il-sale\/\" target=\"_blank\" rel=\"noopener noreferrer\">Il Sale<\/a><\/em>\u00a0\u00e8 la sua prima opera tradotta in Italia.[\/vc_column_text][\/vc_column][\/vc_row][vc_row][vc_column][vc_basic_grid post_type=&#8221;product&#8221; max_items=&#8221;10&#8243; item=&#8221;12132&#8243; initial_loading_animation=&#8221;none&#8221; grid_id=&#8221;vc_gid:1611591111654-56fc6638-dde0-4&#8243; taxonomies=&#8221;2024&#8243;][\/vc_column][\/vc_row]<\/p>\n","protected":false},"excerpt":{"rendered":"<p>[vc_row][vc_column width=&#8221;1\/2&#8243;][vc_row_inner][vc_column_inner][vc_single_image image=&#8221;12313&#8243; img_size=&#8221;full&#8221; alignment=&#8221;center&#8221;][\/vc_column_inner][\/vc_row_inner][\/vc_column][vc_column width=&#8221;1\/2&#8243; el_class=&#8221;sidebar-left-border&#8221;][vc_column_text]Jean-Baptiste Del Amo\u00a0(al secolo Jean-Baptiste Garcia) \u00e8 nato a Tolosa nel 1981. \u00c8 stato paragonato a scrittori del calibro di<span class=\"excerpt-hellip\"> [\u2026]<\/span><\/p>\n","protected":false},"author":1,"featured_media":0,"parent":12471,"menu_order":0,"comment_status":"closed","ping_status":"closed","template":"","meta":[],"yoast_head":"<!-- This site is optimized with the Yoast SEO plugin v19.10 - https:\/\/yoast.com\/wordpress\/plugins\/seo\/ -->\n<title>Jean-Baptiste Del Amo - NEO. Edizioni<\/title>\n<meta name=\"robots\" content=\"index, follow, max-snippet:-1, max-image-preview:large, max-video-preview:-1\" \/>\n<link rel=\"canonical\" href=\"https:\/\/www.neoedizioni.it\/neo\/autori\/jean-baptiste-del-amo\/\" \/>\n<meta property=\"og:locale\" content=\"it_IT\" \/>\n<meta property=\"og:type\" content=\"article\" \/>\n<meta property=\"og:title\" content=\"Jean-Baptiste Del Amo - NEO. Edizioni\" \/>\n<meta property=\"og:description\" content=\"[vc_row][vc_column width=&#8221;1\/2&#8243;][vc_row_inner][vc_column_inner][vc_single_image image=&#8221;12313&#8243; img_size=&#8221;full&#8221; alignment=&#8221;center&#8221;][\/vc_column_inner][\/vc_row_inner][\/vc_column][vc_column width=&#8221;1\/2&#8243; el_class=&#8221;sidebar-left-border&#8221;][vc_column_text]Jean-Baptiste Del Amo\u00a0(al secolo Jean-Baptiste Garcia) \u00e8 nato a Tolosa nel 1981. \u00c8 stato paragonato a scrittori del calibro di [\u2026]\" \/>\n<meta property=\"og:url\" content=\"https:\/\/www.neoedizioni.it\/neo\/autori\/jean-baptiste-del-amo\/\" \/>\n<meta property=\"og:site_name\" content=\"NEO. Edizioni\" \/>\n<meta property=\"article:publisher\" content=\"https:\/\/www.facebook.com\/Neo-Edizioni-1018045348210923\/\" \/>\n<meta property=\"article:modified_time\" content=\"2021-01-25T16:12:28+00:00\" \/>\n<meta name=\"twitter:card\" content=\"summary_large_image\" \/>\n<meta name=\"twitter:site\" content=\"@neoedizioni\" \/>\n<meta name=\"twitter:label1\" content=\"Tempo di lettura stimato\" \/>\n\t<meta name=\"twitter:data1\" content=\"1 minuto\" \/>\n<script type=\"application\/ld+json\" class=\"yoast-schema-graph\">{\"@context\":\"https:\/\/schema.org\",\"@graph\":[{\"@type\":\"WebPage\",\"@id\":\"https:\/\/www.neoedizioni.it\/neo\/autori\/jean-baptiste-del-amo\/\",\"url\":\"https:\/\/www.neoedizioni.it\/neo\/autori\/jean-baptiste-del-amo\/\",\"name\":\"Jean-Baptiste Del Amo - NEO. Edizioni\",\"isPartOf\":{\"@id\":\"https:\/\/www.neoedizioni.it\/neo\/#website\"},\"datePublished\":\"2020-06-16T09:44:51+00:00\",\"dateModified\":\"2021-01-25T16:12:28+00:00\",\"breadcrumb\":{\"@id\":\"https:\/\/www.neoedizioni.it\/neo\/autori\/jean-baptiste-del-amo\/#breadcrumb\"},\"inLanguage\":\"it-IT\",\"potentialAction\":[{\"@type\":\"ReadAction\",\"target\":[\"https:\/\/www.neoedizioni.it\/neo\/autori\/jean-baptiste-del-amo\/\"]}]},{\"@type\":\"BreadcrumbList\",\"@id\":\"https:\/\/www.neoedizioni.it\/neo\/autori\/jean-baptiste-del-amo\/#breadcrumb\",\"itemListElement\":[{\"@type\":\"ListItem\",\"position\":1,\"name\":\"Home\",\"item\":\"https:\/\/www.neoedizioni.it\/neo\/\"},{\"@type\":\"ListItem\",\"position\":2,\"name\":\"Autori\",\"item\":\"https:\/\/www.neoedizioni.it\/neo\/autori\/\"},{\"@type\":\"ListItem\",\"position\":3,\"name\":\"Jean-Baptiste Del Amo\"}]},{\"@type\":\"WebSite\",\"@id\":\"https:\/\/www.neoedizioni.it\/neo\/#website\",\"url\":\"https:\/\/www.neoedizioni.it\/neo\/\",\"name\":\"NEO. Edizioni\",\"description\":\"PER LETTORI PIONIERI\",\"publisher\":{\"@id\":\"https:\/\/www.neoedizioni.it\/neo\/#organization\"},\"potentialAction\":[{\"@type\":\"SearchAction\",\"target\":{\"@type\":\"EntryPoint\",\"urlTemplate\":\"https:\/\/www.neoedizioni.it\/neo\/?s={search_term_string}\"},\"query-input\":\"required name=search_term_string\"}],\"inLanguage\":\"it-IT\"},{\"@type\":\"Organization\",\"@id\":\"https:\/\/www.neoedizioni.it\/neo\/#organization\",\"name\":\"Neo Edizioni\",\"url\":\"https:\/\/www.neoedizioni.it\/neo\/\",\"logo\":{\"@type\":\"ImageObject\",\"inLanguage\":\"it-IT\",\"@id\":\"https:\/\/www.neoedizioni.it\/neo\/#\/schema\/logo\/image\/\",\"url\":\"https:\/\/www.neoedizioni.it\/neo\/wp-content\/uploads\/2020\/06\/Logo-Neo-Edizioni-Nero_small-1.png\",\"contentUrl\":\"https:\/\/www.neoedizioni.it\/neo\/wp-content\/uploads\/2020\/06\/Logo-Neo-Edizioni-Nero_small-1.png\",\"width\":107,\"height\":50,\"caption\":\"Neo Edizioni\"},\"image\":{\"@id\":\"https:\/\/www.neoedizioni.it\/neo\/#\/schema\/logo\/image\/\"},\"sameAs\":[\"https:\/\/www.instagram.com\/neoedizioni\/\",\"https:\/\/www.pinterest.co.uk\/search\/pins\/?q=neoedizioni&amp;amp;amp;amp;amp;rs=filter\",\"https:\/\/www.facebook.com\/Neo-Edizioni-1018045348210923\/\",\"https:\/\/twitter.com\/neoedizioni\"]}]}<\/script>\n<!-- \/ Yoast SEO plugin. -->","yoast_head_json":{"title":"Jean-Baptiste Del Amo - NEO. Edizioni","robots":{"index":"index","follow":"follow","max-snippet":"max-snippet:-1","max-image-preview":"max-image-preview:large","max-video-preview":"max-video-preview:-1"},"canonical":"https:\/\/www.neoedizioni.it\/neo\/autori\/jean-baptiste-del-amo\/","og_locale":"it_IT","og_type":"article","og_title":"Jean-Baptiste Del Amo - NEO. Edizioni","og_description":"[vc_row][vc_column width=&#8221;1\/2&#8243;][vc_row_inner][vc_column_inner][vc_single_image image=&#8221;12313&#8243; img_size=&#8221;full&#8221; alignment=&#8221;center&#8221;][\/vc_column_inner][\/vc_row_inner][\/vc_column][vc_column width=&#8221;1\/2&#8243; el_class=&#8221;sidebar-left-border&#8221;][vc_column_text]Jean-Baptiste Del Amo\u00a0(al secolo Jean-Baptiste Garcia) \u00e8 nato a Tolosa nel 1981. \u00c8 stato paragonato a scrittori del calibro di [\u2026]","og_url":"https:\/\/www.neoedizioni.it\/neo\/autori\/jean-baptiste-del-amo\/","og_site_name":"NEO. Edizioni","article_publisher":"https:\/\/www.facebook.com\/Neo-Edizioni-1018045348210923\/","article_modified_time":"2021-01-25T16:12:28+00:00","twitter_card":"summary_large_image","twitter_site":"@neoedizioni","twitter_misc":{"Tempo di lettura stimato":"1 minuto"},"schema":{"@context":"https:\/\/schema.org","@graph":[{"@type":"WebPage","@id":"https:\/\/www.neoedizioni.it\/neo\/autori\/jean-baptiste-del-amo\/","url":"https:\/\/www.neoedizioni.it\/neo\/autori\/jean-baptiste-del-amo\/","name":"Jean-Baptiste Del Amo - NEO. Edizioni","isPartOf":{"@id":"https:\/\/www.neoedizioni.it\/neo\/#website"},"datePublished":"2020-06-16T09:44:51+00:00","dateModified":"2021-01-25T16:12:28+00:00","breadcrumb":{"@id":"https:\/\/www.neoedizioni.it\/neo\/autori\/jean-baptiste-del-amo\/#breadcrumb"},"inLanguage":"it-IT","potentialAction":[{"@type":"ReadAction","target":["https:\/\/www.neoedizioni.it\/neo\/autori\/jean-baptiste-del-amo\/"]}]},{"@type":"BreadcrumbList","@id":"https:\/\/www.neoedizioni.it\/neo\/autori\/jean-baptiste-del-amo\/#breadcrumb","itemListElement":[{"@type":"ListItem","position":1,"name":"Home","item":"https:\/\/www.neoedizioni.it\/neo\/"},{"@type":"ListItem","position":2,"name":"Autori","item":"https:\/\/www.neoedizioni.it\/neo\/autori\/"},{"@type":"ListItem","position":3,"name":"Jean-Baptiste Del Amo"}]},{"@type":"WebSite","@id":"https:\/\/www.neoedizioni.it\/neo\/#website","url":"https:\/\/www.neoedizioni.it\/neo\/","name":"NEO. Edizioni","description":"PER LETTORI PIONIERI","publisher":{"@id":"https:\/\/www.neoedizioni.it\/neo\/#organization"},"potentialAction":[{"@type":"SearchAction","target":{"@type":"EntryPoint","urlTemplate":"https:\/\/www.neoedizioni.it\/neo\/?s={search_term_string}"},"query-input":"required name=search_term_string"}],"inLanguage":"it-IT"},{"@type":"Organization","@id":"https:\/\/www.neoedizioni.it\/neo\/#organization","name":"Neo Edizioni","url":"https:\/\/www.neoedizioni.it\/neo\/","logo":{"@type":"ImageObject","inLanguage":"it-IT","@id":"https:\/\/www.neoedizioni.it\/neo\/#\/schema\/logo\/image\/","url":"https:\/\/www.neoedizioni.it\/neo\/wp-content\/uploads\/2020\/06\/Logo-Neo-Edizioni-Nero_small-1.png","contentUrl":"https:\/\/www.neoedizioni.it\/neo\/wp-content\/uploads\/2020\/06\/Logo-Neo-Edizioni-Nero_small-1.png","width":107,"height":50,"caption":"Neo Edizioni"},"image":{"@id":"https:\/\/www.neoedizioni.it\/neo\/#\/schema\/logo\/image\/"},"sameAs":["https:\/\/www.instagram.com\/neoedizioni\/","https:\/\/www.pinterest.co.uk\/search\/pins\/?q=neoedizioni&amp;amp;amp;amp;amp;rs=filter","https:\/\/www.facebook.com\/Neo-Edizioni-1018045348210923\/","https:\/\/twitter.com\/neoedizioni"]}]}},"_links":{"self":[{"href":"https:\/\/www.neoedizioni.it\/neo\/wp-json\/wp\/v2\/pages\/12549"}],"collection":[{"href":"https:\/\/www.neoedizioni.it\/neo\/wp-json\/wp\/v2\/pages"}],"about":[{"href":"https:\/\/www.neoedizioni.it\/neo\/wp-json\/wp\/v2\/types\/page"}],"author":[{"embeddable":true,"href":"https:\/\/www.neoedizioni.it\/neo\/wp-json\/wp\/v2\/users\/1"}],"replies":[{"embeddable":true,"href":"https:\/\/www.neoedizioni.it\/neo\/wp-json\/wp\/v2\/comments?post=12549"}],"version-history":[{"count":8,"href":"https:\/\/www.neoedizioni.it\/neo\/wp-json\/wp\/v2\/pages\/12549\/revisions"}],"predecessor-version":[{"id":13644,"href":"https:\/\/www.neoedizioni.it\/neo\/wp-json\/wp\/v2\/pages\/12549\/revisions\/13644"}],"up":[{"embeddable":true,"href":"https:\/\/www.neoedizioni.it\/neo\/wp-json\/wp\/v2\/pages\/12471"}],"wp:attachment":[{"href":"https:\/\/www.neoedizioni.it\/neo\/wp-json\/wp\/v2\/media?parent=12549"}],"curies":[{"name":"wp","href":"https:\/\/api.w.org\/{rel}","templated":true}]}}